{"id":3192,"date":"2022-03-25T18:06:23","date_gmt":"2022-03-25T18:06:23","guid":{"rendered":"https:\/\/kyngdy.com\/?post_type=product&#038;p=3192"},"modified":"2025-10-07T20:32:02","modified_gmt":"2025-10-08T00:32:02","slug":"hers-his","status":"publish","type":"product","link":"https:\/\/kyngdy.com\/es\/producto\/hers-his\/","title":{"rendered":"HERS + HIS &#8211; Organic Facial skincare serum"},"content":{"rendered":"<ul>\n<li>\n<p class=\"p1\">Nuestro suero facial utiliza aislado de CBD purificado que no contiene m\u00e1s de un 0,03% de THC total, incluidos los precursores, en peso. Este producto no ha sido evaluado por la Administraci\u00f3n de Alimentos y Medicamentos (Food and Drug Administration) y no est\u00e1 destinado a diagnosticar, tratar, curar o prevenir ninguna enfermedad. El uso de cannabidiol durante el embarazo o la lactancia puede ser perjudicial.<\/p>\n<\/li>\n<li>\n<p class=\"p1\">Dosis por raci\u00f3n \u00bd Gotero \/ 17 mg CBD<\/p>\n<\/li>\n<li>\n<p class=\"p1\">Aislado de CBD, aceite de MTC, aceite de Helichrysum italicum, aceite de vitamina E, Aloe Vera<\/p>\n<\/li>\n<li>\n<p class=\"p1\">Antes de utilizar este producto, consulte con un m\u00e9dico. Aplicar una peque\u00f1a capa de suero, por la noche, por todo el rostro y el cuello, despu\u00e9s de lavarse con agua tibia y un buen jab\u00f3n facial, y secarse. No combine el suero con ning\u00fan otro producto. No utilizar el producto transcurridos 60 d\u00edas desde la fecha de fabricaci\u00f3n. En caso de irritaci\u00f3n, suspender la aplicaci\u00f3n y consultar al m\u00e9dico. No utilizar en el embarazo.<\/p>\n<\/li>\n<\/ul>","protected":false},"excerpt":{"rendered":"<ul>\n<li><strong>NOTA: Los impuestos, las tarifas de env\u00edo y manejo se agregar\u00e1n al finalizar la compra cuando correspondan.<\/strong><\/li>\n<li><strong><a href=\"https:\/\/kyngdy.com\/es\/certificate\/\" target=\"_blank\" rel=\"noopener\">Ver Certificados<\/a><\/strong><\/li>\n<\/ul>\n<p>&nbsp;<\/p>\n<p class=\"p1\"><strong>Uso de productos veganos, org\u00e1nicos y ecol\u00f3gicos<\/strong><\/p>\n<p class=\"p1\">Las f\u00f3rmulas de nuestros productos son veganas, org\u00e1nicas y ecol\u00f3gicas. Est\u00e1n certificadas para contener ingredientes naturales. No contienen aditivos artificiales, sustancias qu\u00edmicas derivadas del petr\u00f3leo ni fragancias qu\u00edmicas. Gracias a sus ingredientes, son m\u00e1s f\u00e1cilmente tolerados por todo tipo de pieles, incluidas las sensibles y reactivas. Cuando se aplica un producto repleto de ingredientes activos y naturales, la piel reacciona mucho mejor. Esto se debe a que todos los ingredientes cumplen la funci\u00f3n espec\u00edfica para la que han sido formulados. Por lo tanto, los resultados ser\u00e1n mucho m\u00e1s r\u00e1pidos y eficaces.<\/p>\n<p class=\"p1\">Adem\u00e1s, la producci\u00f3n de cosm\u00e9ticos veganos y naturales tiene un impacto m\u00ednimo en el medio\nambiente al reducir la contaminaci\u00f3n.<\/p>\n<p class=\"p1\">Efectos principales de nuestra f\u00f3rmula de suero:<\/p>\n<ul class=\"ul1\">\n<li>Antienvejecimiento:<\/li>\n<li>Hidratante<\/li>\n<li>Skin Repair<\/li>\n<li>Antioxidante<\/li>\n<li>Calma y suaviza la piel<\/li>\n<li>Proporciona una sensaci\u00f3n de alivio<\/li>\n<li>Ayuda a mantener la piel limpia y equilibrada<\/li>\n<li>Promotes the skin\u2019s natural balance<\/li>\n<\/ul>","protected":false},"featured_media":3195,"comment_status":"open","ping_status":"closed","template":"","meta":[],"product_brand":[],"product_cat":[100],"product_tag":[],"class_list":{"0":"post-3192","1":"product","2":"type-product","3":"status-publish","4":"has-post-thumbnail","6":"product_cat-cbd-serum","8":"first","9":"instock","10":"taxable","11":"shipping-taxable","12":"purchasable","13":"product-type-simple"},"yoast_head":"<!-- This site is optimized with the Yoast SEO plugin v27.3 - https:\/\/yoast.com\/product\/yoast-seo-wordpress\/ -->\n<title>HERS + HIS - Organic Facial skincare serum - Kyngdy<\/title>\n<meta name=\"robots\" content=\"index, follow, max-snippet:-1, max-image-preview:large, max-video-preview:-1\" \/>\n<link rel=\"canonical\" href=\"https:\/\/kyngdy.com\/es\/producto\/hers-his\/\" \/>\n<meta property=\"og:locale\" content=\"es_ES\" \/>\n<meta property=\"og:type\" content=\"article\" \/>\n<meta property=\"og:title\" content=\"HERS + HIS - Organic Facial skincare serum - Kyngdy\" \/>\n<meta property=\"og:description\" content=\"NOTE : Taxes, shipping and handling fees will be added at checkout when apply.  View Certificates  &nbsp; Use of vegan, organic, and ecological products Our product formulas are vegan, organic, and ecological. They are certified to contain natural ingredients. They are free of artificial additives, petroleum-based chemicals, and chemical fragrances. Thanks to their ingredients, they more easily tolerated by all skin types, including sensitive and reactive skin. When you apply a product that is full of active and natural ingredients, the skin reacts much better. This is because all the ingredients perform the specific function for which they are formulated. Therefore, the results will be much faster and more effective. In addition, the production of vegan and natural cosmetics has a minimal impact on the environment by reducing pollution. Main Effects of our Serum Formula:    Anti-aging  Hydrating  Skin Repair  Antioxidant  Soothes and softens the skin  Provides a feeling of relief  Helps keep the skin clean and balanced  Promotes the skin\u2019s natural balance\" \/>\n<meta property=\"og:url\" content=\"https:\/\/kyngdy.com\/es\/producto\/hers-his\/\" \/>\n<meta property=\"og:site_name\" content=\"Kyngdy\" \/>\n<meta property=\"article:publisher\" content=\"https:\/\/www.facebook.com\/Kyngdy\" \/>\n<meta property=\"article:modified_time\" content=\"2025-10-08T00:32:02+00:00\" \/>\n<meta property=\"og:image\" content=\"https:\/\/kyngdy.com\/wp-content\/uploads\/2022\/03\/hershis-1.jpg\" \/>\n\t<meta property=\"og:image:width\" content=\"1000\" \/>\n\t<meta property=\"og:image:height\" content=\"1000\" \/>\n\t<meta property=\"og:image:type\" content=\"image\/jpeg\" \/>\n<meta name=\"twitter:card\" content=\"summary_large_image\" \/>\n<meta name=\"twitter:label1\" content=\"Tiempo de lectura\" \/>\n\t<meta name=\"twitter:data1\" content=\"1 minuto\" \/>\n<script type=\"application\/ld+json\" class=\"yoast-schema-graph\">{\"@context\":\"https:\\\/\\\/schema.org\",\"@graph\":[{\"@type\":\"WebPage\",\"@id\":\"https:\\\/\\\/kyngdy.com\\\/product\\\/hers-his\\\/\",\"url\":\"https:\\\/\\\/kyngdy.com\\\/product\\\/hers-his\\\/\",\"name\":\"HERS + HIS - Organic Facial skincare serum - Kyngdy\",\"isPartOf\":{\"@id\":\"https:\\\/\\\/kyngdy.com\\\/#website\"},\"primaryImageOfPage\":{\"@id\":\"https:\\\/\\\/kyngdy.com\\\/product\\\/hers-his\\\/#primaryimage\"},\"image\":{\"@id\":\"https:\\\/\\\/kyngdy.com\\\/product\\\/hers-his\\\/#primaryimage\"},\"thumbnailUrl\":\"https:\\\/\\\/kyngdy.com\\\/wp-content\\\/uploads\\\/2022\\\/03\\\/hershis-1.jpg\",\"datePublished\":\"2022-03-25T18:06:23+00:00\",\"dateModified\":\"2025-10-08T00:32:02+00:00\",\"breadcrumb\":{\"@id\":\"https:\\\/\\\/kyngdy.com\\\/product\\\/hers-his\\\/#breadcrumb\"},\"inLanguage\":\"es\",\"potentialAction\":[{\"@type\":\"ReadAction\",\"target\":[\"https:\\\/\\\/kyngdy.com\\\/product\\\/hers-his\\\/\"]}]},{\"@type\":\"ImageObject\",\"inLanguage\":\"es\",\"@id\":\"https:\\\/\\\/kyngdy.com\\\/product\\\/hers-his\\\/#primaryimage\",\"url\":\"https:\\\/\\\/kyngdy.com\\\/wp-content\\\/uploads\\\/2022\\\/03\\\/hershis-1.jpg\",\"contentUrl\":\"https:\\\/\\\/kyngdy.com\\\/wp-content\\\/uploads\\\/2022\\\/03\\\/hershis-1.jpg\",\"width\":1000,\"height\":1000},{\"@type\":\"BreadcrumbList\",\"@id\":\"https:\\\/\\\/kyngdy.com\\\/product\\\/hers-his\\\/#breadcrumb\",\"itemListElement\":[{\"@type\":\"ListItem\",\"position\":1,\"name\":\"Home\",\"item\":\"https:\\\/\\\/kyngdy.com\\\/\"},{\"@type\":\"ListItem\",\"position\":2,\"name\":\"Products\",\"item\":\"https:\\\/\\\/kyngdy.com\\\/shop\\\/\"},{\"@type\":\"ListItem\",\"position\":3,\"name\":\"HERS + HIS &#8211; Organic Facial skincare serum\"}]},{\"@type\":\"WebSite\",\"@id\":\"https:\\\/\\\/kyngdy.com\\\/#website\",\"url\":\"https:\\\/\\\/kyngdy.com\\\/\",\"name\":\"Kyngdy\",\"description\":\"Youth Formula\",\"publisher\":{\"@id\":\"https:\\\/\\\/kyngdy.com\\\/#organization\"},\"potentialAction\":[{\"@type\":\"SearchAction\",\"target\":{\"@type\":\"EntryPoint\",\"urlTemplate\":\"https:\\\/\\\/kyngdy.com\\\/?s={search_term_string}\"},\"query-input\":{\"@type\":\"PropertyValueSpecification\",\"valueRequired\":true,\"valueName\":\"search_term_string\"}}],\"inLanguage\":\"es\"},{\"@type\":\"Organization\",\"@id\":\"https:\\\/\\\/kyngdy.com\\\/#organization\",\"name\":\"Kyngdy\",\"url\":\"https:\\\/\\\/kyngdy.com\\\/\",\"logo\":{\"@type\":\"ImageObject\",\"inLanguage\":\"es\",\"@id\":\"https:\\\/\\\/kyngdy.com\\\/#\\\/schema\\\/logo\\\/image\\\/\",\"url\":\"https:\\\/\\\/kyngdy.com\\\/wp-content\\\/uploads\\\/2022\\\/03\\\/logo-kyngdy-black-coming-soon-2.png\",\"contentUrl\":\"https:\\\/\\\/kyngdy.com\\\/wp-content\\\/uploads\\\/2022\\\/03\\\/logo-kyngdy-black-coming-soon-2.png\",\"width\":450,\"height\":220,\"caption\":\"Kyngdy\"},\"image\":{\"@id\":\"https:\\\/\\\/kyngdy.com\\\/#\\\/schema\\\/logo\\\/image\\\/\"},\"sameAs\":[\"https:\\\/\\\/www.facebook.com\\\/Kyngdy\",\"https:\\\/\\\/www.instagram.com\\\/kyngdy\\\/\"]}]}<\/script>\n<!-- \/ Yoast SEO plugin. -->","yoast_head_json":{"title":"HERS + HIS - Organic Facial skincare serum - Kyngdy","robots":{"index":"index","follow":"follow","max-snippet":"max-snippet:-1","max-image-preview":"max-image-preview:large","max-video-preview":"max-video-preview:-1"},"canonical":"https:\/\/kyngdy.com\/es\/producto\/hers-his\/","og_locale":"es_ES","og_type":"article","og_title":"HERS + HIS - Organic Facial skincare serum - Kyngdy","og_description":"NOTE : Taxes, shipping and handling fees will be added at checkout when apply.  View Certificates  &nbsp; Use of vegan, organic, and ecological products Our product formulas are vegan, organic, and ecological. They are certified to contain natural ingredients. They are free of artificial additives, petroleum-based chemicals, and chemical fragrances. Thanks to their ingredients, they more easily tolerated by all skin types, including sensitive and reactive skin. When you apply a product that is full of active and natural ingredients, the skin reacts much better. This is because all the ingredients perform the specific function for which they are formulated. Therefore, the results will be much faster and more effective. In addition, the production of vegan and natural cosmetics has a minimal impact on the environment by reducing pollution. Main Effects of our Serum Formula:    Anti-aging  Hydrating  Skin Repair  Antioxidant  Soothes and softens the skin  Provides a feeling of relief  Helps keep the skin clean and balanced  Promotes the skin\u2019s natural balance","og_url":"https:\/\/kyngdy.com\/es\/producto\/hers-his\/","og_site_name":"Kyngdy","article_publisher":"https:\/\/www.facebook.com\/Kyngdy","article_modified_time":"2025-10-08T00:32:02+00:00","og_image":[{"width":1000,"height":1000,"url":"https:\/\/kyngdy.com\/wp-content\/uploads\/2022\/03\/hershis-1.jpg","type":"image\/jpeg"}],"twitter_card":"summary_large_image","twitter_misc":{"Tiempo de lectura":"1 minuto"},"schema":{"@context":"https:\/\/schema.org","@graph":[{"@type":"WebPage","@id":"https:\/\/kyngdy.com\/product\/hers-his\/","url":"https:\/\/kyngdy.com\/product\/hers-his\/","name":"HERS + HIS - Organic Facial skincare serum - Kyngdy","isPartOf":{"@id":"https:\/\/kyngdy.com\/#website"},"primaryImageOfPage":{"@id":"https:\/\/kyngdy.com\/product\/hers-his\/#primaryimage"},"image":{"@id":"https:\/\/kyngdy.com\/product\/hers-his\/#primaryimage"},"thumbnailUrl":"https:\/\/kyngdy.com\/wp-content\/uploads\/2022\/03\/hershis-1.jpg","datePublished":"2022-03-25T18:06:23+00:00","dateModified":"2025-10-08T00:32:02+00:00","breadcrumb":{"@id":"https:\/\/kyngdy.com\/product\/hers-his\/#breadcrumb"},"inLanguage":"es","potentialAction":[{"@type":"ReadAction","target":["https:\/\/kyngdy.com\/product\/hers-his\/"]}]},{"@type":"ImageObject","inLanguage":"es","@id":"https:\/\/kyngdy.com\/product\/hers-his\/#primaryimage","url":"https:\/\/kyngdy.com\/wp-content\/uploads\/2022\/03\/hershis-1.jpg","contentUrl":"https:\/\/kyngdy.com\/wp-content\/uploads\/2022\/03\/hershis-1.jpg","width":1000,"height":1000},{"@type":"BreadcrumbList","@id":"https:\/\/kyngdy.com\/product\/hers-his\/#breadcrumb","itemListElement":[{"@type":"ListItem","position":1,"name":"Home","item":"https:\/\/kyngdy.com\/"},{"@type":"ListItem","position":2,"name":"Products","item":"https:\/\/kyngdy.com\/shop\/"},{"@type":"ListItem","position":3,"name":"HERS + HIS &#8211; Organic Facial skincare serum"}]},{"@type":"WebSite","@id":"https:\/\/kyngdy.com\/#website","url":"https:\/\/kyngdy.com\/","name":"Kyngdy,","description":"F\u00f3rmula de la Juventud","publisher":{"@id":"https:\/\/kyngdy.com\/#organization"},"potentialAction":[{"@type":"SearchAction","target":{"@type":"EntryPoint","urlTemplate":"https:\/\/kyngdy.com\/?s={search_term_string}"},"query-input":{"@type":"PropertyValueSpecification","valueRequired":true,"valueName":"search_term_string"}}],"inLanguage":"es"},{"@type":"Organization","@id":"https:\/\/kyngdy.com\/#organization","name":"Kyngdy,","url":"https:\/\/kyngdy.com\/","logo":{"@type":"ImageObject","inLanguage":"es","@id":"https:\/\/kyngdy.com\/#\/schema\/logo\/image\/","url":"https:\/\/kyngdy.com\/wp-content\/uploads\/2022\/03\/logo-kyngdy-black-coming-soon-2.png","contentUrl":"https:\/\/kyngdy.com\/wp-content\/uploads\/2022\/03\/logo-kyngdy-black-coming-soon-2.png","width":450,"height":220,"caption":"Kyngdy"},"image":{"@id":"https:\/\/kyngdy.com\/#\/schema\/logo\/image\/"},"sameAs":["https:\/\/www.facebook.com\/Kyngdy","https:\/\/www.instagram.com\/kyngdy\/"]}]}},"jetpack_sharing_enabled":true,"_links":{"self":[{"href":"https:\/\/kyngdy.com\/es\/wp-json\/wp\/v2\/product\/3192","targetHints":{"allow":["GET"]}}],"collection":[{"href":"https:\/\/kyngdy.com\/es\/wp-json\/wp\/v2\/product"}],"about":[{"href":"https:\/\/kyngdy.com\/es\/wp-json\/wp\/v2\/types\/product"}],"replies":[{"embeddable":true,"href":"https:\/\/kyngdy.com\/es\/wp-json\/wp\/v2\/comments?post=3192"}],"version-history":[{"count":5,"href":"https:\/\/kyngdy.com\/es\/wp-json\/wp\/v2\/product\/3192\/revisions"}],"predecessor-version":[{"id":5097,"href":"https:\/\/kyngdy.com\/es\/wp-json\/wp\/v2\/product\/3192\/revisions\/5097"}],"wp:featuredmedia":[{"embeddable":true,"href":"https:\/\/kyngdy.com\/es\/wp-json\/wp\/v2\/media\/3195"}],"wp:attachment":[{"href":"https:\/\/kyngdy.com\/es\/wp-json\/wp\/v2\/media?parent=3192"}],"wp:term":[{"taxonomy":"product_brand","embeddable":true,"href":"https:\/\/kyngdy.com\/es\/wp-json\/wp\/v2\/product_brand?post=3192"},{"taxonomy":"product_cat","embeddable":true,"href":"https:\/\/kyngdy.com\/es\/wp-json\/wp\/v2\/product_cat?post=3192"},{"taxonomy":"product_tag","embeddable":true,"href":"https:\/\/kyngdy.com\/es\/wp-json\/wp\/v2\/product_tag?post=3192"}],"curies":[{"name":"wp","href":"https:\/\/api.w.org\/{rel}","templated":true}]}}