{"id":3191,"date":"2022-03-25T17:54:34","date_gmt":"2022-03-25T17:54:34","guid":{"rendered":"https:\/\/kyngdy.com\/?post_type=product&#038;p=3191"},"modified":"2026-04-07T11:21:02","modified_gmt":"2026-04-07T15:21:02","slug":"kyngdy-hers-organic-facial-skincare-serum","status":"publish","type":"product","link":"https:\/\/kyngdy.com\/es\/producto\/kyngdy-hers-organic-facial-skincare-serum\/","title":{"rendered":"Kyngdy HERS \u2013 Suero facial org\u00e1nico para el cuidado de la piel"},"content":{"rendered":"<h2 data-start=\"949\" data-end=\"978\">Visible Skin Benefits<\/h2>\n<ul data-start=\"980\" data-end=\"1444\">\n<li data-start=\"980\" data-end=\"1045\">\n<p data-start=\"982\" data-end=\"1045\"><strong data-start=\"982\" data-end=\"997\">Anti-aging:<\/strong> smooths fine lines and delays signs of aging.<\/p>\n<\/li>\n<li data-start=\"1046\" data-end=\"1105\">\n<p data-start=\"1048\" data-end=\"1105\"><strong data-start=\"1048\" data-end=\"1062\">Hydration:<\/strong> locks in moisture for soft, supple skin.<\/p>\n<\/li>\n<li data-start=\"1106\" data-end=\"1161\">\n<p data-start=\"1108\" data-end=\"1161\"><strong data-start=\"1108\" data-end=\"1124\">Skin repair:<\/strong> promotes regeneration and healing.<\/p>\n<\/li>\n<li data-start=\"1162\" data-end=\"1236\">\n<p data-start=\"1164\" data-end=\"1236\"><strong data-start=\"1164\" data-end=\"1187\">Antioxidant shield:<\/strong> protects from free radicals &amp; external stress.<\/p>\n<\/li>\n<li data-start=\"1237\" data-end=\"1305\">\n<p data-start=\"1239\" data-end=\"1305\"><strong data-start=\"1239\" data-end=\"1259\">Soothing effect:<\/strong> calms irritation, redness, and sensitivity.<\/p>\n<\/li>\n<li data-start=\"1306\" data-end=\"1378\">\n<p data-start=\"1308\" data-end=\"1378\"><strong data-start=\"1308\" data-end=\"1329\">Relief &amp; balance:<\/strong> regulates sebum, keeping skin clean and fresh.<\/p>\n<\/li>\n<li data-start=\"1379\" data-end=\"1444\">\n<p data-start=\"1381\" data-end=\"1444\"><strong data-start=\"1381\" data-end=\"1402\">Natural radiance:<\/strong> restores glow and harmony to your skin.<\/p>\n<\/li>\n<\/ul>\n<h2 data-start=\"1451\" data-end=\"1476\"><\/h2>\n<h2 data-start=\"1451\" data-end=\"1476\">Powered by Nature<\/h2>\n<p data-start=\"1478\" data-end=\"1609\">Our face serum uses <strong data-start=\"1498\" data-end=\"1522\">purified CBD isolate<\/strong> (&lt;0.3% THC by weight), combined with botanical oils and vitamins for maximum effect.<\/p>\n<p data-start=\"1611\" data-end=\"1633\"><strong data-start=\"1611\" data-end=\"1631\">Key Ingredients:<\/strong><\/p>\n<ul data-start=\"1634\" data-end=\"2043\">\n<li data-start=\"1634\" data-end=\"1743\">\n<p data-start=\"1636\" data-end=\"1743\"><strong data-start=\"1636\" data-end=\"1673\">CBD Isolate (17mg per \u00bd dropper):<\/strong> antioxidant, anti-inflammatory, balances sebum, improves hydration.<\/p>\n<\/li>\n<li data-start=\"1744\" data-end=\"1822\">\n<p data-start=\"1746\" data-end=\"1822\"><strong data-start=\"1746\" data-end=\"1758\">MCT Oil:<\/strong> light emollient, antibacterial, nourishes without greasiness.<\/p>\n<\/li>\n<li data-start=\"1823\" data-end=\"1904\">\n<p data-start=\"1825\" data-end=\"1904\"><strong data-start=\"1825\" data-end=\"1854\">Helichrysum Italicum Oil:<\/strong> skin regenerator, reduces wrinkles &amp; blemishes.<\/p>\n<\/li>\n<li data-start=\"1905\" data-end=\"1988\">\n<p data-start=\"1907\" data-end=\"1988\"><strong data-start=\"1907\" data-end=\"1925\">Vitamin E Oil:<\/strong> antioxidant, protects against UV damage, reduces dark spots.<\/p>\n<\/li>\n<li data-start=\"1989\" data-end=\"2043\">\n<p data-start=\"1991\" data-end=\"2043\"><strong data-start=\"1991\" data-end=\"2005\">Aloe Vera:<\/strong> hydrating, soothing, wound-healing.<\/p>\n<\/li>\n<\/ul>\n<p>&nbsp;<\/p>\n<p>Nuestro suero facial utiliza aislado de CBD purificado que no contiene m\u00e1s de un 0,03% de THC total, incluidos los precursores, en peso. Este producto no ha sido evaluado por la Administraci\u00f3n de Alimentos y Medicamentos (Food and Drug Administration) y no est\u00e1 destinado a diagnosticar, tratar, curar o prevenir ninguna enfermedad. El uso de cannabidiol durante el embarazo o la lactancia puede ser perjudicial.<\/p>\n<p>Antes de utilizar este producto, consulte con un m\u00e9dico. Aplicar una peque\u00f1a capa de suero, por la noche, por todo el rostro y el cuello, despu\u00e9s de lavarse con agua tibia y un buen jab\u00f3n facial, y secarse. No combine el suero con ning\u00fan otro producto. No utilizar el producto transcurridos 60 d\u00edas desde la fecha de fabricaci\u00f3n. En caso de irritaci\u00f3n, suspender la aplicaci\u00f3n y consultar al m\u00e9dico. No utilizar en el embarazo.<\/p>\n<p>Dosis por raci\u00f3n \u00bd Gotero \/ 17 mg CBD<\/p>","protected":false},"excerpt":{"rendered":"<p class=\"p1\">A <strong data-start=\"349\" data-end=\"375\">luxury skincare ritual<\/strong> crafted with nature\u2019s purest ingredients. Our <strong data-start=\"422\" data-end=\"450\">CBD-infused facial serum<\/strong> hydrates, repairs, and rejuvenates your skin\u2014while being 100% vegan, organic, and eco-friendly.<\/p>\n<p>\u2714\ufe0f <strong data-start=\"583\" data-end=\"607\">Clean Beauty Promise<\/strong> \u2013 Vegan, organic, and ecological. No artificial additives, petroleum-based chemicals, or synthetic fragrances.<br data-start=\"718\" data-end=\"721\" \/>\u2714\ufe0f <strong data-start=\"724\" data-end=\"752\">Gentle on All Skin Types<\/strong> \u2013 Even sensitive and reactive skin tolerates our serum better thanks to pure, natural ingredients.<br data-start=\"851\" data-end=\"854\" \/>\u2714\ufe0f <strong data-start=\"857\" data-end=\"874\">Eco-Conscious<\/strong> \u2013 Produced with minimal environmental impact to reduce pollution.<\/p>","protected":false},"featured_media":3194,"comment_status":"closed","ping_status":"closed","template":"","meta":[],"product_brand":[],"product_cat":[100],"product_tag":[],"class_list":{"0":"post-3191","1":"product","2":"type-product","3":"status-publish","4":"has-post-thumbnail","6":"product_cat-cbd-serum","8":"first","9":"instock","10":"taxable","11":"shipping-taxable","12":"purchasable","13":"product-type-simple"},"yoast_head":"<!-- This site is optimized with the Yoast SEO plugin v27.3 - https:\/\/yoast.com\/product\/yoast-seo-wordpress\/ -->\n<title>Kyngdy HERS \u2013 Organic Facial skincare serum - Kyngdy<\/title>\n<meta name=\"robots\" content=\"index, follow, max-snippet:-1, max-image-preview:large, max-video-preview:-1\" \/>\n<link rel=\"canonical\" href=\"https:\/\/kyngdy.com\/es\/producto\/kyngdy-hers-organic-facial-skincare-serum\/\" \/>\n<meta property=\"og:locale\" content=\"es_ES\" \/>\n<meta property=\"og:type\" content=\"article\" \/>\n<meta property=\"og:title\" content=\"Kyngdy HERS \u2013 Organic Facial skincare serum - Kyngdy\" \/>\n<meta property=\"og:description\" content=\"A luxury skincare ritual crafted with nature\u2019s purest ingredients. Our CBD-infused facial serum hydrates, repairs, and rejuvenates your skin\u2014while being 100% vegan, organic, and eco-friendly. \u2714\ufe0f Clean Beauty Promise \u2013 Vegan, organic, and ecological. No artificial additives, petroleum-based chemicals, or synthetic fragrances.\u2714\ufe0f Gentle on All Skin Types \u2013 Even sensitive and reactive skin tolerates our serum better thanks to pure, natural ingredients.\u2714\ufe0f Eco-Conscious \u2013 Produced with minimal environmental impact to reduce pollution.\" \/>\n<meta property=\"og:url\" content=\"https:\/\/kyngdy.com\/es\/producto\/kyngdy-hers-organic-facial-skincare-serum\/\" \/>\n<meta property=\"og:site_name\" content=\"Kyngdy\" \/>\n<meta property=\"article:publisher\" content=\"https:\/\/www.facebook.com\/Kyngdy\" \/>\n<meta property=\"article:modified_time\" content=\"2026-04-07T15:21:02+00:00\" \/>\n<meta property=\"og:image\" content=\"https:\/\/kyngdy.com\/wp-content\/uploads\/2022\/03\/hers-1.jpg\" \/>\n\t<meta property=\"og:image:width\" content=\"1000\" \/>\n\t<meta property=\"og:image:height\" content=\"1000\" \/>\n\t<meta property=\"og:image:type\" content=\"image\/jpeg\" \/>\n<meta name=\"twitter:card\" content=\"summary_large_image\" \/>\n<meta name=\"twitter:label1\" content=\"Tiempo de lectura\" \/>\n\t<meta name=\"twitter:data1\" content=\"2 minutos\" \/>\n<script type=\"application\/ld+json\" class=\"yoast-schema-graph\">{\"@context\":\"https:\\\/\\\/schema.org\",\"@graph\":[{\"@type\":\"WebPage\",\"@id\":\"https:\\\/\\\/kyngdy.com\\\/product\\\/kyngdy-hers-organic-facial-skincare-serum\\\/\",\"url\":\"https:\\\/\\\/kyngdy.com\\\/product\\\/kyngdy-hers-organic-facial-skincare-serum\\\/\",\"name\":\"Kyngdy HERS \u2013 Organic Facial skincare serum - Kyngdy\",\"isPartOf\":{\"@id\":\"https:\\\/\\\/kyngdy.com\\\/#website\"},\"primaryImageOfPage\":{\"@id\":\"https:\\\/\\\/kyngdy.com\\\/product\\\/kyngdy-hers-organic-facial-skincare-serum\\\/#primaryimage\"},\"image\":{\"@id\":\"https:\\\/\\\/kyngdy.com\\\/product\\\/kyngdy-hers-organic-facial-skincare-serum\\\/#primaryimage\"},\"thumbnailUrl\":\"https:\\\/\\\/kyngdy.com\\\/wp-content\\\/uploads\\\/2022\\\/03\\\/hers-1.jpg\",\"datePublished\":\"2022-03-25T17:54:34+00:00\",\"dateModified\":\"2026-04-07T15:21:02+00:00\",\"breadcrumb\":{\"@id\":\"https:\\\/\\\/kyngdy.com\\\/product\\\/kyngdy-hers-organic-facial-skincare-serum\\\/#breadcrumb\"},\"inLanguage\":\"es\",\"potentialAction\":[{\"@type\":\"ReadAction\",\"target\":[\"https:\\\/\\\/kyngdy.com\\\/product\\\/kyngdy-hers-organic-facial-skincare-serum\\\/\"]}]},{\"@type\":\"ImageObject\",\"inLanguage\":\"es\",\"@id\":\"https:\\\/\\\/kyngdy.com\\\/product\\\/kyngdy-hers-organic-facial-skincare-serum\\\/#primaryimage\",\"url\":\"https:\\\/\\\/kyngdy.com\\\/wp-content\\\/uploads\\\/2022\\\/03\\\/hers-1.jpg\",\"contentUrl\":\"https:\\\/\\\/kyngdy.com\\\/wp-content\\\/uploads\\\/2022\\\/03\\\/hers-1.jpg\",\"width\":1000,\"height\":1000},{\"@type\":\"BreadcrumbList\",\"@id\":\"https:\\\/\\\/kyngdy.com\\\/product\\\/kyngdy-hers-organic-facial-skincare-serum\\\/#breadcrumb\",\"itemListElement\":[{\"@type\":\"ListItem\",\"position\":1,\"name\":\"Home\",\"item\":\"https:\\\/\\\/kyngdy.com\\\/\"},{\"@type\":\"ListItem\",\"position\":2,\"name\":\"Products\",\"item\":\"https:\\\/\\\/kyngdy.com\\\/shop\\\/\"},{\"@type\":\"ListItem\",\"position\":3,\"name\":\"Kyngdy HERS \u2013 Organic Facial skincare serum\"}]},{\"@type\":\"WebSite\",\"@id\":\"https:\\\/\\\/kyngdy.com\\\/#website\",\"url\":\"https:\\\/\\\/kyngdy.com\\\/\",\"name\":\"Kyngdy\",\"description\":\"Youth Formula\",\"publisher\":{\"@id\":\"https:\\\/\\\/kyngdy.com\\\/#organization\"},\"potentialAction\":[{\"@type\":\"SearchAction\",\"target\":{\"@type\":\"EntryPoint\",\"urlTemplate\":\"https:\\\/\\\/kyngdy.com\\\/?s={search_term_string}\"},\"query-input\":{\"@type\":\"PropertyValueSpecification\",\"valueRequired\":true,\"valueName\":\"search_term_string\"}}],\"inLanguage\":\"es\"},{\"@type\":\"Organization\",\"@id\":\"https:\\\/\\\/kyngdy.com\\\/#organization\",\"name\":\"Kyngdy\",\"url\":\"https:\\\/\\\/kyngdy.com\\\/\",\"logo\":{\"@type\":\"ImageObject\",\"inLanguage\":\"es\",\"@id\":\"https:\\\/\\\/kyngdy.com\\\/#\\\/schema\\\/logo\\\/image\\\/\",\"url\":\"https:\\\/\\\/kyngdy.com\\\/wp-content\\\/uploads\\\/2022\\\/03\\\/logo-kyngdy-black-coming-soon-2.png\",\"contentUrl\":\"https:\\\/\\\/kyngdy.com\\\/wp-content\\\/uploads\\\/2022\\\/03\\\/logo-kyngdy-black-coming-soon-2.png\",\"width\":450,\"height\":220,\"caption\":\"Kyngdy\"},\"image\":{\"@id\":\"https:\\\/\\\/kyngdy.com\\\/#\\\/schema\\\/logo\\\/image\\\/\"},\"sameAs\":[\"https:\\\/\\\/www.facebook.com\\\/Kyngdy\",\"https:\\\/\\\/www.instagram.com\\\/kyngdy\\\/\"]}]}<\/script>\n<!-- \/ Yoast SEO plugin. -->","yoast_head_json":{"title":"Kyngdy HERS \u2013 Organic Facial skincare serum - Kyngdy","robots":{"index":"index","follow":"follow","max-snippet":"max-snippet:-1","max-image-preview":"max-image-preview:large","max-video-preview":"max-video-preview:-1"},"canonical":"https:\/\/kyngdy.com\/es\/producto\/kyngdy-hers-organic-facial-skincare-serum\/","og_locale":"es_ES","og_type":"article","og_title":"Kyngdy HERS \u2013 Organic Facial skincare serum - Kyngdy","og_description":"A luxury skincare ritual crafted with nature\u2019s purest ingredients. Our CBD-infused facial serum hydrates, repairs, and rejuvenates your skin\u2014while being 100% vegan, organic, and eco-friendly. \u2714\ufe0f Clean Beauty Promise \u2013 Vegan, organic, and ecological. No artificial additives, petroleum-based chemicals, or synthetic fragrances.\u2714\ufe0f Gentle on All Skin Types \u2013 Even sensitive and reactive skin tolerates our serum better thanks to pure, natural ingredients.\u2714\ufe0f Eco-Conscious \u2013 Produced with minimal environmental impact to reduce pollution.","og_url":"https:\/\/kyngdy.com\/es\/producto\/kyngdy-hers-organic-facial-skincare-serum\/","og_site_name":"Kyngdy","article_publisher":"https:\/\/www.facebook.com\/Kyngdy","article_modified_time":"2026-04-07T15:21:02+00:00","og_image":[{"width":1000,"height":1000,"url":"https:\/\/kyngdy.com\/wp-content\/uploads\/2022\/03\/hers-1.jpg","type":"image\/jpeg"}],"twitter_card":"summary_large_image","twitter_misc":{"Tiempo de lectura":"2 minutos"},"schema":{"@context":"https:\/\/schema.org","@graph":[{"@type":"WebPage","@id":"https:\/\/kyngdy.com\/product\/kyngdy-hers-organic-facial-skincare-serum\/","url":"https:\/\/kyngdy.com\/product\/kyngdy-hers-organic-facial-skincare-serum\/","name":"Kyngdy HERS \u2013 Organic Facial skincare serum - Kyngdy","isPartOf":{"@id":"https:\/\/kyngdy.com\/#website"},"primaryImageOfPage":{"@id":"https:\/\/kyngdy.com\/product\/kyngdy-hers-organic-facial-skincare-serum\/#primaryimage"},"image":{"@id":"https:\/\/kyngdy.com\/product\/kyngdy-hers-organic-facial-skincare-serum\/#primaryimage"},"thumbnailUrl":"https:\/\/kyngdy.com\/wp-content\/uploads\/2022\/03\/hers-1.jpg","datePublished":"2022-03-25T17:54:34+00:00","dateModified":"2026-04-07T15:21:02+00:00","breadcrumb":{"@id":"https:\/\/kyngdy.com\/product\/kyngdy-hers-organic-facial-skincare-serum\/#breadcrumb"},"inLanguage":"es","potentialAction":[{"@type":"ReadAction","target":["https:\/\/kyngdy.com\/product\/kyngdy-hers-organic-facial-skincare-serum\/"]}]},{"@type":"ImageObject","inLanguage":"es","@id":"https:\/\/kyngdy.com\/product\/kyngdy-hers-organic-facial-skincare-serum\/#primaryimage","url":"https:\/\/kyngdy.com\/wp-content\/uploads\/2022\/03\/hers-1.jpg","contentUrl":"https:\/\/kyngdy.com\/wp-content\/uploads\/2022\/03\/hers-1.jpg","width":1000,"height":1000},{"@type":"BreadcrumbList","@id":"https:\/\/kyngdy.com\/product\/kyngdy-hers-organic-facial-skincare-serum\/#breadcrumb","itemListElement":[{"@type":"ListItem","position":1,"name":"Home","item":"https:\/\/kyngdy.com\/"},{"@type":"ListItem","position":2,"name":"Products","item":"https:\/\/kyngdy.com\/shop\/"},{"@type":"ListItem","position":3,"name":"Kyngdy HERS \u2013 Organic Facial skincare serum"}]},{"@type":"WebSite","@id":"https:\/\/kyngdy.com\/#website","url":"https:\/\/kyngdy.com\/","name":"Kyngdy,","description":"F\u00f3rmula de la Juventud","publisher":{"@id":"https:\/\/kyngdy.com\/#organization"},"potentialAction":[{"@type":"SearchAction","target":{"@type":"EntryPoint","urlTemplate":"https:\/\/kyngdy.com\/?s={search_term_string}"},"query-input":{"@type":"PropertyValueSpecification","valueRequired":true,"valueName":"search_term_string"}}],"inLanguage":"es"},{"@type":"Organization","@id":"https:\/\/kyngdy.com\/#organization","name":"Kyngdy,","url":"https:\/\/kyngdy.com\/","logo":{"@type":"ImageObject","inLanguage":"es","@id":"https:\/\/kyngdy.com\/#\/schema\/logo\/image\/","url":"https:\/\/kyngdy.com\/wp-content\/uploads\/2022\/03\/logo-kyngdy-black-coming-soon-2.png","contentUrl":"https:\/\/kyngdy.com\/wp-content\/uploads\/2022\/03\/logo-kyngdy-black-coming-soon-2.png","width":450,"height":220,"caption":"Kyngdy"},"image":{"@id":"https:\/\/kyngdy.com\/#\/schema\/logo\/image\/"},"sameAs":["https:\/\/www.facebook.com\/Kyngdy","https:\/\/www.instagram.com\/kyngdy\/"]}]}},"jetpack_sharing_enabled":true,"_links":{"self":[{"href":"https:\/\/kyngdy.com\/es\/wp-json\/wp\/v2\/product\/3191","targetHints":{"allow":["GET"]}}],"collection":[{"href":"https:\/\/kyngdy.com\/es\/wp-json\/wp\/v2\/product"}],"about":[{"href":"https:\/\/kyngdy.com\/es\/wp-json\/wp\/v2\/types\/product"}],"replies":[{"embeddable":true,"href":"https:\/\/kyngdy.com\/es\/wp-json\/wp\/v2\/comments?post=3191"}],"version-history":[{"count":11,"href":"https:\/\/kyngdy.com\/es\/wp-json\/wp\/v2\/product\/3191\/revisions"}],"predecessor-version":[{"id":5511,"href":"https:\/\/kyngdy.com\/es\/wp-json\/wp\/v2\/product\/3191\/revisions\/5511"}],"wp:featuredmedia":[{"embeddable":true,"href":"https:\/\/kyngdy.com\/es\/wp-json\/wp\/v2\/media\/3194"}],"wp:attachment":[{"href":"https:\/\/kyngdy.com\/es\/wp-json\/wp\/v2\/media?parent=3191"}],"wp:term":[{"taxonomy":"product_brand","embeddable":true,"href":"https:\/\/kyngdy.com\/es\/wp-json\/wp\/v2\/product_brand?post=3191"},{"taxonomy":"product_cat","embeddable":true,"href":"https:\/\/kyngdy.com\/es\/wp-json\/wp\/v2\/product_cat?post=3191"},{"taxonomy":"product_tag","embeddable":true,"href":"https:\/\/kyngdy.com\/es\/wp-json\/wp\/v2\/product_tag?post=3191"}],"curies":[{"name":"wp","href":"https:\/\/api.w.org\/{rel}","templated":true}]}}