{"id":3377,"date":"2022-03-31T18:15:03","date_gmt":"2022-03-31T18:15:03","guid":{"rendered":"https:\/\/kyngdy.com\/?page_id=3377"},"modified":"2025-12-17T19:26:19","modified_gmt":"2025-12-17T23:26:19","slug":"terms-conditions","status":"publish","type":"page","link":"https:\/\/kyngdy.com\/es\/terms-conditions\/","title":{"rendered":"T\u00e9rminos y Condiciones"},"content":{"rendered":"<div data-elementor-type=\"wp-page\" data-elementor-id=\"3377\" class=\"elementor elementor-3377\" data-elementor-post-type=\"page\">\n\t\t\t\t\t\t<section class=\"elementor-section elementor-top-section elementor-element elementor-element-bf4305b elementor-section-height-min-height elementor-section-boxed elementor-section-height-default elementor-section-items-middle\" data-id=\"bf4305b\" data-element_type=\"section\" data-e-type=\"section\" data-settings=\"{&quot;background_background&quot;:&quot;classic&quot;}\">\n\t\t\t\t\t\t<div class=\"elementor-container elementor-column-gap-extended\">\n\t\t\t\t\t<div class=\"elementor-column elementor-col-100 elementor-top-column elementor-element elementor-element-f9c7b7e\" data-id=\"f9c7b7e\" data-element_type=\"column\" data-e-type=\"column\">\n\t\t\t<div class=\"elementor-widget-wrap elementor-element-populated\">\n\t\t\t\t\t\t<div class=\"elementor-element elementor-element-c630670 elementor-widget elementor-widget-heading\" data-id=\"c630670\" data-element_type=\"widget\" data-e-type=\"widget\" data-widget_type=\"heading.default\">\n\t\t\t\t<div class=\"elementor-widget-container\">\n\t\t\t\t\t<h1 class=\"elementor-heading-title elementor-size-default\">Terms &amp; Conditions<\/h1>\t\t\t\t<\/div>\n\t\t\t\t<\/div>\n\t\t\t\t\t<\/div>\n\t\t<\/div>\n\t\t\t\t\t<\/div>\n\t\t<\/section>\n\t\t\t\t<section class=\"elementor-section elementor-top-section elementor-element elementor-element-268be33 elementor-section-boxed elementor-section-height-default elementor-section-height-default\" data-id=\"268be33\" data-element_type=\"section\" data-e-type=\"section\">\n\t\t\t\t\t\t<div class=\"elementor-container elementor-column-gap-default\">\n\t\t\t\t\t<div class=\"elementor-column elementor-col-100 elementor-top-column elementor-element elementor-element-412bea5\" data-id=\"412bea5\" data-element_type=\"column\" data-e-type=\"column\">\n\t\t\t<div class=\"elementor-widget-wrap elementor-element-populated\">\n\t\t\t\t\t\t<div class=\"elementor-element elementor-element-b1ebdb4 elementor-widget elementor-widget-text-editor\" data-id=\"b1ebdb4\" data-element_type=\"widget\" data-e-type=\"widget\" data-widget_type=\"text-editor.default\">\n\t\t\t\t<div class=\"elementor-widget-container\">\n\t\t\t\t\t\t\t\t\t<h3>Art\u00edculo 1. Generalidades<\/h3><p>El sitio web www.kyngdy.com (en adelante, el \u201cSitio web\u201d) es un comercio electr\u00f3nico en l\u00ednea accesible a trav\u00e9s de Internet y est\u00e1 abierto a cualquier usuario de la red Internet. Es producido por Kyngdy. El sitio web permite a Kyngdy ofrecer cosm\u00e9ticos a la venta (en adelante, los \"Productos\") a los internautas que navegan por el sitio web (en lo sucesivo, los \"Usuarios\"). A los efectos de estos T\u00e9rminos y condiciones, por el presente se acuerda que cualquier Usuario y Kyngdy se denominar\u00e1n colectivamente las \"Partes\" e individualmente como la \"Parte\", y que cualquier Usuario que confirme cualquier pedido se denominar\u00e1 en adelante el \"Comprador\". Por lo tanto, todos los derechos y obligaciones del Usuario se aplicar\u00e1n necesariamente tambi\u00e9n al Comprador.<\/p><p>El Usuario que desee realizar una compra online a trav\u00e9s del Sitio Web declara formalmente que tiene plena capacidad jur\u00eddica.<\/p><p>Cualquier pedido de un Producto ofrecido a la venta en el Sitio Web supone que el Usuario ha le\u00eddo y aceptado expresamente estos T\u00e9rminos y Condiciones Comerciales Est\u00e1ndar sin que dicha aceptaci\u00f3n est\u00e9 sujeta a la firma manuscrita del Usuario.<\/p><p>\u00a0<\/p><p>Estos T\u00e9rminos y Condiciones Comerciales Est\u00e1ndar determinan los derechos y obligaciones de las Partes derivados de las ventas en l\u00ednea de los Productos ofrecidos a la venta en el Sitio Web, y se aplican en los EE. UU., en lo que se refiere \u00fanicamente a la relaci\u00f3n creada a trav\u00e9s de Internet y exclusivamente en dicho Sitio Web. .<br \/>These Terms &amp; Conditions shall apply to the exclusion of any other document.<\/p><p>\u00a0<\/p><h3>Art\u00edculo 2. Productos<\/h3><p>2.1 Los Productos puestos a la venta por Kyngdy son los que se muestran en el Sitio Web el d\u00eda y la fecha en que el Usuario inicia sesi\u00f3n en el Sitio Web y hasta fin de existencias.<\/p><p>Se estipula que los Productos est\u00e1n destinados al uso personal del Usuario sin que dicho uso tenga relaci\u00f3n directa con la ocupaci\u00f3n o actividad profesional del Usuario.<\/p><p>\u00a0<\/p><p>2.2 Caracter\u00edsticas de los productos<\/p><p>El usuario puede tomar nota de las caracter\u00edsticas de los productos online si desea realizar un pedido.<\/p><p>Ninguna fotograf\u00eda que ilustre cualquier Producto se considerar\u00e1 parte de ning\u00fan contrato. En caso de que alguna fotograf\u00eda contenga errores, por lo tanto, Kyngdy no ser\u00e1 responsable por los mismos.<\/p><p>Si el usuario desea ampliar informaci\u00f3n sobre las caracter\u00edsticas de nuestros productos, puede ponerse en contacto con nuestro servicio de atenci\u00f3n al cliente mediante el correo electr\u00f3nico: Kyngdy@Kyngdy.com.<\/p><p>\u00a0<\/p><h3>Art\u00edculo 3. Precios<\/h3><p>Los precios de los Productos se muestran en d\u00f3lares estadounidenses (USD). Kyngdy se reserva el derecho, que el Usuario acepta por la presente, de modificar sus precios en cualquier momento, pero los Productos se facturar\u00e1n sobre la base de los precios vigentes en el momento de registrar el pedido, sujeto no obstante a la disponibilidad de dichos Productos.<\/p><p>En cuanto a los impuestos, depende de la ubicaci\u00f3n del comprador en los Estados Unidos.<\/p><p>En el sitio web, los precios indicados no tienen en cuenta los gastos de env\u00edo. Son precisos y se cobran al comprador antes de que confirme el pedido.<\/p><p>\u00a0<\/p><h3>Art\u00edculo 4. Orden<\/h3><p>4.1. Creaci\u00f3n de cuenta<\/p><p>Para realizar un pedido, el Usuario tiene la opci\u00f3n de identificarse iniciando sesi\u00f3n con su direcci\u00f3n de correo electr\u00f3nico y contrase\u00f1a si ya es cliente en l\u00ednea de Kyngdy, o registr\u00e1ndose y completando el formulario disponible en l\u00ednea, que contiene la los datos necesarios a efectos de identidad y, en particular, el nombre, apellidos y la direcci\u00f3n postal, o ignorar el inicio de sesi\u00f3n o la creaci\u00f3n de una cuenta de cliente.<\/p><p>Su direcci\u00f3n de correo electr\u00f3nico ser\u00e1 la de inicio de sesi\u00f3n y el Usuario deber\u00e1 elegir su contrase\u00f1a. Se recomienda elegir una contrase\u00f1a con letras y n\u00fameros.<\/p><p>El Usuario recibir\u00e1 un correo electr\u00f3nico de confirmaci\u00f3n cuando se registre por primera vez.<\/p><p>El Usuario es responsable de su contrase\u00f1a y no deber\u00e1 compartirla con nadie m\u00e1s.<\/p><p>\u00a0<\/p><p>4.2. L\u00edmite a cada orden<\/p><p>Se llama especialmente la atenci\u00f3n del Usuario sobre el hecho de que ning\u00fan pedido realizado por \u00e9l podr\u00e1 exceder la suma de 4 unidades por art\u00edculo.<\/p><p>\u00a0<\/p><p>4.3. Registrando el pedido<\/p><p>Si el Usuario desea realizar un pedido, selecciona los distintos Productos en los que est\u00e1 interesado y lo manifiesta haciendo clic en el bot\u00f3n \u201cA\u00f1adir al carrito\u201d.<br \/>En cualquier momento el Usuario puede:<br \/>\u2013 obtener un resumen de los Productos seleccionados o modificar su pedido haciendo clic en el logotipo de \u201cmi cesta de la compra\u201d accesible en la esquina superior derecha de cada p\u00e1gina, \u2013 completar su selecci\u00f3n de Productos y realizar un pedido haciendo clic en \u201c a\u00f1adir a la cesta\".<br \/>Para realizar el pedido de los Productos que ha seleccionado, el Usuario hace clic en el logotipo \u201cmi cesta de la compra\u201d. Aparecer\u00e1 un resumen del pedido en la pantalla. Si la lista mostrada corresponde a los Productos seleccionados, el Usuario confirma el resumen haciendo clic en \u201cCheck out\u201d. Luego, se le pedir\u00e1 al Usuario que se identifique, ya sea iniciando sesi\u00f3n con su direcci\u00f3n de correo electr\u00f3nico y contrase\u00f1a si ya es un cliente en l\u00ednea de Kyngdy, o registr\u00e1ndose y completando el formulario disponible en l\u00ednea, o para continuar con el pedido sin iniciar sesi\u00f3n. en o creando una cuenta de cliente.<\/p><p>\u00a0<\/p><h3>Art\u00edculo 5. Pago<\/h3><p>Una vez establecido el estado del pedido del Usuario y completados todos los datos solicitados, el Usuario elegir\u00e1 la forma de pago deseada de la mercanc\u00eda. El Usuario har\u00e1 clic en \u201cContinuar\u201d para pagar el pedido y ser\u00e1 redirigido inmediatamente al servidor de pago seguro. El Comprador podr\u00e1 pagar su pedido mediante tarjeta bancaria (Visa, MasterCard, American Express). Una vez confirmado el pago, el Usuario regresa al Sitio Web. Su pedido queda registrado y se vuelve irrevocable. El Usuario, en adelante, se convierte en el Comprador. El formulario de pedido se registra en los registros inform\u00e1ticos de Kyngdy (que a su vez se almacenan en un soporte de copia de seguridad duradero y fiable) y se considerar\u00e1 prueba de la relaci\u00f3n contractual entre las Partes.<\/p><p>\u00a0<\/p><p>Una vez confirmado el pago, se enviar\u00e1 un recibo electr\u00f3nico resumiendo el pedido a la direcci\u00f3n de correo electr\u00f3nico del Usuario indicada en su identificaci\u00f3n.<br \/>Se reformular\u00e1: \u2013 las caracter\u00edsticas del producto solicitado; \u2013 las condiciones y el procedimiento para ejercer el derecho de desistir de la transacci\u00f3n; \u2013 la direcci\u00f3n que el Comprador deber\u00e1 utilizar en caso de reclamaci\u00f3n; \u2013 Informaci\u00f3n sobre el servicio postventa y la garant\u00eda.<\/p><p>\u00a0<\/p><h3>Art\u00edculo 6. Entrega<\/h3><p>El pedido se cumplir\u00e1 en 5 d\u00edas h\u00e1biles a partir del d\u00eda siguiente a que el Comprador haya confirmado su pedido. En este momento, los pedidos de Kyngdy.com solo pueden facturarse o enviarse a ubicaciones dentro de los Estados Unidos, pero se aplican algunas restricciones.<\/p><p>\u00a0<\/p><h3>Art\u00edculo 7. Pol\u00edtica de devoluciones<\/h3><p>Puede devolver su(s) producto(s) no utilizado(s), en las mismas condiciones en que lo recibi\u00f3, dentro de los 30 d\u00edas posteriores a su compra. Las devoluciones completas deben incluir todos los productos enviados, incluido cualquier regalo con la compra, productos promocionales o muestras.<\/p><p>Le pedimos que env\u00ede un correo electr\u00f3nico a Kyngdy@Kyngdy.com\u00a0con su nombre, direcci\u00f3n, n\u00famero de tel\u00e9fono, art\u00edculos a devolver con una explicaci\u00f3n, el n\u00famero de factura del pedido web y el n\u00famero de seguimiento del paquete para que podamos acelerar el proceso. para ti.<br \/>Todas las devoluciones de productos deben haberse comprado a trav\u00e9s de www.Kyngdy.com.<\/p><p>Una vez que se procese su devoluci\u00f3n, recibir\u00e1 un reembolso por el monto pagado por el art\u00edculo devuelto al m\u00e9todo de pago original. Cualquier cargo de env\u00edo saliente pagado no se reembolsar\u00e1 si se devuelve el pedido.<\/p><p>\u00a0<\/p><h3>Article 8. Data protection<\/h3><p>Personalmente, la informaci\u00f3n de identificaci\u00f3n es obligatoria en el marco de la venta a distancia, ya que dicha informaci\u00f3n es necesaria para procesar y entregar los pedidos, as\u00ed como para elaborar las facturas correspondientes. Dicha informaci\u00f3n es estrictamente confidencial. La falta de suministro de la informaci\u00f3n requerida dar\u00e1 lugar a la denegaci\u00f3n autom\u00e1tica del pedido.<\/p><p>\u00a0<\/p><h3>Art\u00edculo 9. Disposiciones varias<\/h3><p>9.1. Fuerza mayor<\/p><p>Ninguna Parte ser\u00e1 responsable en caso de incumplimiento parcial o total de cualquier obligaci\u00f3n bajo este contrato cuando dicho incumplimiento se produzca debido a un evento que constituya un caso de fuerza mayor. Se considerar\u00e1n casos de fuerza mayor aquellos hechos que cumplan los criterios fijados por la jurisprudencia.<br \/>La Parte que invoque cualquier evento equivalente a fuerza mayor debe informar a la otra Parte dentro de los cinco (05) d\u00edas h\u00e1biles posteriores a la ocurrencia o amenaza del evento.<br \/>Las Partes acuerdan que se consultar\u00e1n en el menor tiempo posible para decidir conjuntamente c\u00f3mo ejecutar el pedido en caso de fuerza mayor.<\/p><p>9.2. Invalidez parcial<\/p><p>Si alguna disposici\u00f3n de estos T\u00e9rminos y condiciones comerciales est\u00e1ndar se determina o declara inv\u00e1lida de conformidad con cualquier ley, reglamento o decisi\u00f3n de un tribunal competente, las dem\u00e1s disposiciones conservar\u00e1n su plena fuerza y \u200b\u200balcance.<\/p><p>9.3. Totalidad del contrato<\/p><p>Estos T\u00e9rminos y condiciones comerciales est\u00e1ndar y el resumen del pedido transmitido al Comprador forman un contrato \u00fanico y constituyen la totalidad de la relaci\u00f3n contractual entre las Partes.<br \/>In the event of contradiction between the said documents, the Standard Terms &amp; Conditions of Business shall prevail.<\/p><p>\u00a0<\/p><h3>Art\u00edculo 10. Atenci\u00f3n al cliente<\/h3><p>Para cualquier informaci\u00f3n, solicitud, consulta o consejo, el Usuario puede ponerse en contacto con nuestro Servicio de Atenci\u00f3n al Cliente en Kyngdy@Kyngdy.com.<\/p>\t\t\t\t\t\t\t\t<\/div>\n\t\t\t\t<\/div>\n\t\t\t\t\t<\/div>\n\t\t<\/div>\n\t\t\t\t\t<\/div>\n\t\t<\/section>\n\t\t\t\t<\/div>","protected":false},"excerpt":{"rendered":"<p>Terms &#038; Conditions Article 1. General The Website www.kyngdy.com \u00a0(hereinafter referred to as the \u201cWebsite\u201d) is an online e-business accessible via the Internet and is open to any user of the Internet network. It is produced by Kyngdy. The Website enables Kyngdy to offer cosmetics for sale (hereinafter referred to as the \u201cProducts\u201d) to Net-surfers [&hellip;]<\/p>\n","protected":false},"author":4,"featured_media":0,"parent":0,"menu_order":0,"comment_status":"closed","ping_status":"closed","template":"elementor_header_footer","meta":{"footnotes":""},"class_list":["post-3377","page","type-page","status-publish","hentry"],"yoast_head":"<!-- This site is optimized with the Yoast SEO plugin v27.3 - https:\/\/yoast.com\/product\/yoast-seo-wordpress\/ -->\n<title>Terms &amp; Conditions - Kyngdy<\/title>\n<meta name=\"robots\" content=\"index, follow, max-snippet:-1, max-image-preview:large, max-video-preview:-1\" \/>\n<link rel=\"canonical\" href=\"https:\/\/kyngdy.com\/es\/terms-conditions\/\" \/>\n<meta property=\"og:locale\" content=\"es_ES\" \/>\n<meta property=\"og:type\" content=\"article\" \/>\n<meta property=\"og:title\" content=\"Terms &amp; Conditions - Kyngdy\" \/>\n<meta property=\"og:description\" content=\"Terms &#038; Conditions Article 1. General The Website www.kyngdy.com \u00a0(hereinafter referred to as the \u201cWebsite\u201d) is an online e-business accessible via the Internet and is open to any user of the Internet network. It is produced by Kyngdy. The Website enables Kyngdy to offer cosmetics for sale (hereinafter referred to as the \u201cProducts\u201d) to Net-surfers [&hellip;]\" \/>\n<meta property=\"og:url\" content=\"https:\/\/kyngdy.com\/es\/terms-conditions\/\" \/>\n<meta property=\"og:site_name\" content=\"Kyngdy\" \/>\n<meta property=\"article:publisher\" content=\"https:\/\/www.facebook.com\/Kyngdy\" \/>\n<meta property=\"article:modified_time\" content=\"2025-12-17T23:26:19+00:00\" \/>\n<meta name=\"twitter:card\" content=\"summary_large_image\" \/>\n<meta name=\"twitter:label1\" content=\"Tiempo de lectura\" \/>\n\t<meta name=\"twitter:data1\" content=\"7 minutos\" \/>\n<script type=\"application\/ld+json\" class=\"yoast-schema-graph\">{\"@context\":\"https:\\\/\\\/schema.org\",\"@graph\":[{\"@type\":\"WebPage\",\"@id\":\"https:\\\/\\\/kyngdy.com\\\/terms-conditions\\\/\",\"url\":\"https:\\\/\\\/kyngdy.com\\\/terms-conditions\\\/\",\"name\":\"Terms & Conditions - Kyngdy\",\"isPartOf\":{\"@id\":\"https:\\\/\\\/kyngdy.com\\\/#website\"},\"datePublished\":\"2022-03-31T18:15:03+00:00\",\"dateModified\":\"2025-12-17T23:26:19+00:00\",\"breadcrumb\":{\"@id\":\"https:\\\/\\\/kyngdy.com\\\/terms-conditions\\\/#breadcrumb\"},\"inLanguage\":\"es\",\"potentialAction\":[{\"@type\":\"ReadAction\",\"target\":[\"https:\\\/\\\/kyngdy.com\\\/terms-conditions\\\/\"]}]},{\"@type\":\"BreadcrumbList\",\"@id\":\"https:\\\/\\\/kyngdy.com\\\/terms-conditions\\\/#breadcrumb\",\"itemListElement\":[{\"@type\":\"ListItem\",\"position\":1,\"name\":\"Home\",\"item\":\"https:\\\/\\\/kyngdy.com\\\/\"},{\"@type\":\"ListItem\",\"position\":2,\"name\":\"Terms &#038; Conditions\"}]},{\"@type\":\"WebSite\",\"@id\":\"https:\\\/\\\/kyngdy.com\\\/#website\",\"url\":\"https:\\\/\\\/kyngdy.com\\\/\",\"name\":\"Kyngdy\",\"description\":\"Youth Formula\",\"publisher\":{\"@id\":\"https:\\\/\\\/kyngdy.com\\\/#organization\"},\"potentialAction\":[{\"@type\":\"SearchAction\",\"target\":{\"@type\":\"EntryPoint\",\"urlTemplate\":\"https:\\\/\\\/kyngdy.com\\\/?s={search_term_string}\"},\"query-input\":{\"@type\":\"PropertyValueSpecification\",\"valueRequired\":true,\"valueName\":\"search_term_string\"}}],\"inLanguage\":\"es\"},{\"@type\":\"Organization\",\"@id\":\"https:\\\/\\\/kyngdy.com\\\/#organization\",\"name\":\"Kyngdy\",\"url\":\"https:\\\/\\\/kyngdy.com\\\/\",\"logo\":{\"@type\":\"ImageObject\",\"inLanguage\":\"es\",\"@id\":\"https:\\\/\\\/kyngdy.com\\\/#\\\/schema\\\/logo\\\/image\\\/\",\"url\":\"https:\\\/\\\/kyngdy.com\\\/wp-content\\\/uploads\\\/2022\\\/03\\\/logo-kyngdy-black-coming-soon-2.png\",\"contentUrl\":\"https:\\\/\\\/kyngdy.com\\\/wp-content\\\/uploads\\\/2022\\\/03\\\/logo-kyngdy-black-coming-soon-2.png\",\"width\":450,\"height\":220,\"caption\":\"Kyngdy\"},\"image\":{\"@id\":\"https:\\\/\\\/kyngdy.com\\\/#\\\/schema\\\/logo\\\/image\\\/\"},\"sameAs\":[\"https:\\\/\\\/www.facebook.com\\\/Kyngdy\",\"https:\\\/\\\/www.instagram.com\\\/kyngdy\\\/\"]}]}<\/script>\n<!-- \/ Yoast SEO plugin. -->","yoast_head_json":{"title":"Terms & Conditions - Kyngdy","robots":{"index":"index","follow":"follow","max-snippet":"max-snippet:-1","max-image-preview":"max-image-preview:large","max-video-preview":"max-video-preview:-1"},"canonical":"https:\/\/kyngdy.com\/es\/terms-conditions\/","og_locale":"es_ES","og_type":"article","og_title":"Terms & Conditions - Kyngdy","og_description":"Terms &#038; Conditions Article 1. General The Website www.kyngdy.com \u00a0(hereinafter referred to as the \u201cWebsite\u201d) is an online e-business accessible via the Internet and is open to any user of the Internet network. It is produced by Kyngdy. The Website enables Kyngdy to offer cosmetics for sale (hereinafter referred to as the \u201cProducts\u201d) to Net-surfers [&hellip;]","og_url":"https:\/\/kyngdy.com\/es\/terms-conditions\/","og_site_name":"Kyngdy","article_publisher":"https:\/\/www.facebook.com\/Kyngdy","article_modified_time":"2025-12-17T23:26:19+00:00","twitter_card":"summary_large_image","twitter_misc":{"Tiempo de lectura":"7 minutos"},"schema":{"@context":"https:\/\/schema.org","@graph":[{"@type":"WebPage","@id":"https:\/\/kyngdy.com\/terms-conditions\/","url":"https:\/\/kyngdy.com\/terms-conditions\/","name":"Terms & Conditions - Kyngdy","isPartOf":{"@id":"https:\/\/kyngdy.com\/#website"},"datePublished":"2022-03-31T18:15:03+00:00","dateModified":"2025-12-17T23:26:19+00:00","breadcrumb":{"@id":"https:\/\/kyngdy.com\/terms-conditions\/#breadcrumb"},"inLanguage":"es","potentialAction":[{"@type":"ReadAction","target":["https:\/\/kyngdy.com\/terms-conditions\/"]}]},{"@type":"BreadcrumbList","@id":"https:\/\/kyngdy.com\/terms-conditions\/#breadcrumb","itemListElement":[{"@type":"ListItem","position":1,"name":"Home","item":"https:\/\/kyngdy.com\/"},{"@type":"ListItem","position":2,"name":"Terms &#038; Conditions"}]},{"@type":"WebSite","@id":"https:\/\/kyngdy.com\/#website","url":"https:\/\/kyngdy.com\/","name":"Kyngdy,","description":"F\u00f3rmula de la Juventud","publisher":{"@id":"https:\/\/kyngdy.com\/#organization"},"potentialAction":[{"@type":"SearchAction","target":{"@type":"EntryPoint","urlTemplate":"https:\/\/kyngdy.com\/?s={search_term_string}"},"query-input":{"@type":"PropertyValueSpecification","valueRequired":true,"valueName":"search_term_string"}}],"inLanguage":"es"},{"@type":"Organization","@id":"https:\/\/kyngdy.com\/#organization","name":"Kyngdy,","url":"https:\/\/kyngdy.com\/","logo":{"@type":"ImageObject","inLanguage":"es","@id":"https:\/\/kyngdy.com\/#\/schema\/logo\/image\/","url":"https:\/\/kyngdy.com\/wp-content\/uploads\/2022\/03\/logo-kyngdy-black-coming-soon-2.png","contentUrl":"https:\/\/kyngdy.com\/wp-content\/uploads\/2022\/03\/logo-kyngdy-black-coming-soon-2.png","width":450,"height":220,"caption":"Kyngdy"},"image":{"@id":"https:\/\/kyngdy.com\/#\/schema\/logo\/image\/"},"sameAs":["https:\/\/www.facebook.com\/Kyngdy","https:\/\/www.instagram.com\/kyngdy\/"]}]}},"jetpack_sharing_enabled":true,"_links":{"self":[{"href":"https:\/\/kyngdy.com\/es\/wp-json\/wp\/v2\/pages\/3377","targetHints":{"allow":["GET"]}}],"collection":[{"href":"https:\/\/kyngdy.com\/es\/wp-json\/wp\/v2\/pages"}],"about":[{"href":"https:\/\/kyngdy.com\/es\/wp-json\/wp\/v2\/types\/page"}],"author":[{"embeddable":true,"href":"https:\/\/kyngdy.com\/es\/wp-json\/wp\/v2\/users\/4"}],"replies":[{"embeddable":true,"href":"https:\/\/kyngdy.com\/es\/wp-json\/wp\/v2\/comments?post=3377"}],"version-history":[{"count":7,"href":"https:\/\/kyngdy.com\/es\/wp-json\/wp\/v2\/pages\/3377\/revisions"}],"predecessor-version":[{"id":3384,"href":"https:\/\/kyngdy.com\/es\/wp-json\/wp\/v2\/pages\/3377\/revisions\/3384"}],"wp:attachment":[{"href":"https:\/\/kyngdy.com\/es\/wp-json\/wp\/v2\/media?parent=3377"}],"curies":[{"name":"wp","href":"https:\/\/api.w.org\/{rel}","templated":true}]}}