{"id":3359,"date":"2022-03-31T18:02:30","date_gmt":"2022-03-31T18:02:30","guid":{"rendered":"https:\/\/kyngdy.com\/?page_id=3359"},"modified":"2025-12-17T19:26:18","modified_gmt":"2025-12-17T23:26:18","slug":"privacy-policy","status":"publish","type":"page","link":"https:\/\/kyngdy.com\/es\/privacy-policy\/","title":{"rendered":"Pol\u00edtica de Privacidad"},"content":{"rendered":"<div data-elementor-type=\"wp-page\" data-elementor-id=\"3359\" class=\"elementor elementor-3359\" data-elementor-post-type=\"page\">\n\t\t\t\t\t\t<section class=\"elementor-section elementor-top-section elementor-element elementor-element-bf4305b elementor-section-height-min-height elementor-section-boxed elementor-section-height-default elementor-section-items-middle\" data-id=\"bf4305b\" data-element_type=\"section\" data-e-type=\"section\" data-settings=\"{&quot;background_background&quot;:&quot;classic&quot;}\">\n\t\t\t\t\t\t<div class=\"elementor-container elementor-column-gap-extended\">\n\t\t\t\t\t<div class=\"elementor-column elementor-col-100 elementor-top-column elementor-element elementor-element-f9c7b7e\" data-id=\"f9c7b7e\" data-element_type=\"column\" data-e-type=\"column\">\n\t\t\t<div class=\"elementor-widget-wrap elementor-element-populated\">\n\t\t\t\t\t\t<div class=\"elementor-element elementor-element-c630670 elementor-widget elementor-widget-heading\" data-id=\"c630670\" data-element_type=\"widget\" data-e-type=\"widget\" data-widget_type=\"heading.default\">\n\t\t\t\t<div class=\"elementor-widget-container\">\n\t\t\t\t\t<h1 class=\"elementor-heading-title elementor-size-default\">Pol\u00edtica de Privacidad<\/h1>\t\t\t\t<\/div>\n\t\t\t\t<\/div>\n\t\t\t\t\t<\/div>\n\t\t<\/div>\n\t\t\t\t\t<\/div>\n\t\t<\/section>\n\t\t\t\t<section class=\"elementor-section elementor-top-section elementor-element elementor-element-268be33 elementor-section-boxed elementor-section-height-default elementor-section-height-default\" data-id=\"268be33\" data-element_type=\"section\" data-e-type=\"section\">\n\t\t\t\t\t\t<div class=\"elementor-container elementor-column-gap-default\">\n\t\t\t\t\t<div class=\"elementor-column elementor-col-100 elementor-top-column elementor-element elementor-element-412bea5\" data-id=\"412bea5\" data-element_type=\"column\" data-e-type=\"column\">\n\t\t\t<div class=\"elementor-widget-wrap elementor-element-populated\">\n\t\t\t\t\t\t<div class=\"elementor-element elementor-element-b1ebdb4 elementor-widget elementor-widget-text-editor\" data-id=\"b1ebdb4\" data-element_type=\"widget\" data-e-type=\"widget\" data-widget_type=\"text-editor.default\">\n\t\t\t\t<div class=\"elementor-widget-container\">\n\t\t\t\t\t\t\t\t\t<p>Los datos personales proporcionados para recibir informaci\u00f3n del sitio web, para el registro al bolet\u00edn o para completar los formularios necesarios, ser\u00e1n utilizados exclusivamente por Kyngdy para enviar materiales informativos o promocionales relacionados con nuestros productos; el tratamiento de sus datos se basar\u00e1 en los principios de correcci\u00f3n, lealtad y transparencia y para la protecci\u00f3n de su privacidad y sus derechos.<\/p><p>\u00a0<\/p><p>Sus datos ser\u00e1n guardados en una base de datos inform\u00e1tica o en papel, adopt\u00e1ndose su protecci\u00f3n.<\/p><p>Sus datos no ser\u00e1n vendidos o difundidos a terceros, sino que ser\u00e1n utilizados exclusivamente por Kyngdy<br \/>Si por cualquier motivo no tiene inter\u00e9s en recibir informaci\u00f3n sobre nuestros productos y servicios, puede darse de baja de nuestros archivos escribiendo a\u00a0<a href=\"mailto:kyngdy@kyngdy\">kyngdy@kyngdy<\/a>.<\/p><p>\u00a0<\/p><p>Sin su consentimiento sobre sus datos personales, no podremos enviarle materiales informativos y promocionales, ni registrarlo en nuestro bolet\u00edn.<\/p><p>\u00a0<\/p><p><em>The individual has the right to receive indication:<\/em><\/p><p>\u00a0<\/p><ul><li>de las finalidades y condiciones en que ser\u00e1n tratados dichos datos;<\/li><li>de la l\u00f3gica aplicada en caso de tratamiento realizado con la ayuda de medios electr\u00f3nicos;<\/li><li>de la identidad del responsable, de los encargados y del representante designado en los t\u00e9rminos del art\u00edculo 5, inciso 2;<\/li><li>de los sujetos y categor\u00edas de sujetos a los que se les pueden comunicar datos personales o que pueden recibirlos en su calidad de representante, encargado o designado en el territorio nacional.<\/li><\/ul><p>\u00a0<\/p><p><em>El individuo tiene derecho a:<\/em><\/p><p>\u00a0<\/p><ul><li>update, modify or, if so desired, integrate the data;<\/li><li>cancelar, transformar en formato an\u00f3nimo o bloquear los datos tratados en violaci\u00f3n de la ley, incluidos aquellos que no sean necesarios conservar en relaci\u00f3n con los fines para los cuales dichos datos fueron recabados o posteriormente tratados;<\/li><li>recibir confirmaci\u00f3n de que los procedimientos previstos en las letras a) y b) han sido puestos en conocimiento, tambi\u00e9n en relaci\u00f3n con su contenido, de aquellos \u00f3rganos o personas a quienes se han comunicado o transmitido dichos datos, salvo en el caso en que tal comunicaci\u00f3n resulte imposible o implique medios manifiestamente desproporcionados con respecto al derecho protegido.<\/li><\/ul><p>\u00a0<\/p><p><em>El individuo tiene derecho, total o parcialmente:<\/em><\/p><p>\u00a0<\/p><ul><li>cuando sus motivos sean leg\u00edtimos, a oponerse al tratamiento de los datos de que es objeto, incluso si son pertinentes para los fines de la recogida de datos;<\/li><li>oponerse al tratamiento de los datos de los que sea objeto con fines de emisi\u00f3n de material publicitario o de venta directa o para estudios de mercado o comunicaciones comerciales.<\/li><\/ul>\t\t\t\t\t\t\t\t<\/div>\n\t\t\t\t<\/div>\n\t\t\t\t\t<\/div>\n\t\t<\/div>\n\t\t\t\t\t<\/div>\n\t\t<\/section>\n\t\t\t\t<\/div>","protected":false},"excerpt":{"rendered":"<p>Privacy Policy Personal datas provided to receive website informations, for the registration to the newsletter or to fill up the necessary forms shall be exclusively used by Kyngdy to send the informative or promotional materials related to our products; the treatment of your informations will be based on the principles of correctness, loyalty and transparency [&hellip;]<\/p>\n","protected":false},"author":4,"featured_media":0,"parent":0,"menu_order":0,"comment_status":"closed","ping_status":"closed","template":"elementor_header_footer","meta":{"footnotes":""},"class_list":["post-3359","page","type-page","status-publish","hentry"],"yoast_head":"<!-- This site is optimized with the Yoast SEO plugin v27.3 - https:\/\/yoast.com\/product\/yoast-seo-wordpress\/ -->\n<title>Privacy Policy - Kyngdy<\/title>\n<meta name=\"robots\" content=\"index, follow, max-snippet:-1, max-image-preview:large, max-video-preview:-1\" \/>\n<link rel=\"canonical\" href=\"https:\/\/kyngdy.com\/es\/privacy-policy\/\" \/>\n<meta property=\"og:locale\" content=\"es_ES\" \/>\n<meta property=\"og:type\" content=\"article\" \/>\n<meta property=\"og:title\" content=\"Privacy Policy - Kyngdy\" \/>\n<meta property=\"og:description\" content=\"Privacy Policy Personal datas provided to receive website informations, for the registration to the newsletter or to fill up the necessary forms shall be exclusively used by Kyngdy to send the informative or promotional materials related to our products; the treatment of your informations will be based on the principles of correctness, loyalty and transparency [&hellip;]\" \/>\n<meta property=\"og:url\" content=\"https:\/\/kyngdy.com\/es\/privacy-policy\/\" \/>\n<meta property=\"og:site_name\" content=\"Kyngdy\" \/>\n<meta property=\"article:publisher\" content=\"https:\/\/www.facebook.com\/Kyngdy\" \/>\n<meta property=\"article:modified_time\" content=\"2025-12-17T23:26:18+00:00\" \/>\n<meta name=\"twitter:card\" content=\"summary_large_image\" \/>\n<meta name=\"twitter:label1\" content=\"Tiempo de lectura\" \/>\n\t<meta name=\"twitter:data1\" content=\"2 minutos\" \/>\n<script type=\"application\/ld+json\" class=\"yoast-schema-graph\">{\"@context\":\"https:\\\/\\\/schema.org\",\"@graph\":[{\"@type\":\"WebPage\",\"@id\":\"https:\\\/\\\/kyngdy.com\\\/privacy-policy\\\/\",\"url\":\"https:\\\/\\\/kyngdy.com\\\/privacy-policy\\\/\",\"name\":\"Privacy Policy - Kyngdy\",\"isPartOf\":{\"@id\":\"https:\\\/\\\/kyngdy.com\\\/#website\"},\"datePublished\":\"2022-03-31T18:02:30+00:00\",\"dateModified\":\"2025-12-17T23:26:18+00:00\",\"breadcrumb\":{\"@id\":\"https:\\\/\\\/kyngdy.com\\\/privacy-policy\\\/#breadcrumb\"},\"inLanguage\":\"es\",\"potentialAction\":[{\"@type\":\"ReadAction\",\"target\":[\"https:\\\/\\\/kyngdy.com\\\/privacy-policy\\\/\"]}]},{\"@type\":\"BreadcrumbList\",\"@id\":\"https:\\\/\\\/kyngdy.com\\\/privacy-policy\\\/#breadcrumb\",\"itemListElement\":[{\"@type\":\"ListItem\",\"position\":1,\"name\":\"Home\",\"item\":\"https:\\\/\\\/kyngdy.com\\\/\"},{\"@type\":\"ListItem\",\"position\":2,\"name\":\"Privacy Policy\"}]},{\"@type\":\"WebSite\",\"@id\":\"https:\\\/\\\/kyngdy.com\\\/#website\",\"url\":\"https:\\\/\\\/kyngdy.com\\\/\",\"name\":\"Kyngdy\",\"description\":\"Youth Formula\",\"publisher\":{\"@id\":\"https:\\\/\\\/kyngdy.com\\\/#organization\"},\"potentialAction\":[{\"@type\":\"SearchAction\",\"target\":{\"@type\":\"EntryPoint\",\"urlTemplate\":\"https:\\\/\\\/kyngdy.com\\\/?s={search_term_string}\"},\"query-input\":{\"@type\":\"PropertyValueSpecification\",\"valueRequired\":true,\"valueName\":\"search_term_string\"}}],\"inLanguage\":\"es\"},{\"@type\":\"Organization\",\"@id\":\"https:\\\/\\\/kyngdy.com\\\/#organization\",\"name\":\"Kyngdy\",\"url\":\"https:\\\/\\\/kyngdy.com\\\/\",\"logo\":{\"@type\":\"ImageObject\",\"inLanguage\":\"es\",\"@id\":\"https:\\\/\\\/kyngdy.com\\\/#\\\/schema\\\/logo\\\/image\\\/\",\"url\":\"https:\\\/\\\/kyngdy.com\\\/wp-content\\\/uploads\\\/2022\\\/03\\\/logo-kyngdy-black-coming-soon-2.png\",\"contentUrl\":\"https:\\\/\\\/kyngdy.com\\\/wp-content\\\/uploads\\\/2022\\\/03\\\/logo-kyngdy-black-coming-soon-2.png\",\"width\":450,\"height\":220,\"caption\":\"Kyngdy\"},\"image\":{\"@id\":\"https:\\\/\\\/kyngdy.com\\\/#\\\/schema\\\/logo\\\/image\\\/\"},\"sameAs\":[\"https:\\\/\\\/www.facebook.com\\\/Kyngdy\",\"https:\\\/\\\/www.instagram.com\\\/kyngdy\\\/\"]}]}<\/script>\n<!-- \/ Yoast SEO plugin. -->","yoast_head_json":{"title":"Privacy Policy - Kyngdy","robots":{"index":"index","follow":"follow","max-snippet":"max-snippet:-1","max-image-preview":"max-image-preview:large","max-video-preview":"max-video-preview:-1"},"canonical":"https:\/\/kyngdy.com\/es\/privacy-policy\/","og_locale":"es_ES","og_type":"article","og_title":"Privacy Policy - Kyngdy","og_description":"Privacy Policy Personal datas provided to receive website informations, for the registration to the newsletter or to fill up the necessary forms shall be exclusively used by Kyngdy to send the informative or promotional materials related to our products; the treatment of your informations will be based on the principles of correctness, loyalty and transparency [&hellip;]","og_url":"https:\/\/kyngdy.com\/es\/privacy-policy\/","og_site_name":"Kyngdy","article_publisher":"https:\/\/www.facebook.com\/Kyngdy","article_modified_time":"2025-12-17T23:26:18+00:00","twitter_card":"summary_large_image","twitter_misc":{"Tiempo de lectura":"2 minutos"},"schema":{"@context":"https:\/\/schema.org","@graph":[{"@type":"WebPage","@id":"https:\/\/kyngdy.com\/privacy-policy\/","url":"https:\/\/kyngdy.com\/privacy-policy\/","name":"Privacy Policy - Kyngdy","isPartOf":{"@id":"https:\/\/kyngdy.com\/#website"},"datePublished":"2022-03-31T18:02:30+00:00","dateModified":"2025-12-17T23:26:18+00:00","breadcrumb":{"@id":"https:\/\/kyngdy.com\/privacy-policy\/#breadcrumb"},"inLanguage":"es","potentialAction":[{"@type":"ReadAction","target":["https:\/\/kyngdy.com\/privacy-policy\/"]}]},{"@type":"BreadcrumbList","@id":"https:\/\/kyngdy.com\/privacy-policy\/#breadcrumb","itemListElement":[{"@type":"ListItem","position":1,"name":"Home","item":"https:\/\/kyngdy.com\/"},{"@type":"ListItem","position":2,"name":"Privacy Policy"}]},{"@type":"WebSite","@id":"https:\/\/kyngdy.com\/#website","url":"https:\/\/kyngdy.com\/","name":"Kyngdy,","description":"F\u00f3rmula de la Juventud","publisher":{"@id":"https:\/\/kyngdy.com\/#organization"},"potentialAction":[{"@type":"SearchAction","target":{"@type":"EntryPoint","urlTemplate":"https:\/\/kyngdy.com\/?s={search_term_string}"},"query-input":{"@type":"PropertyValueSpecification","valueRequired":true,"valueName":"search_term_string"}}],"inLanguage":"es"},{"@type":"Organization","@id":"https:\/\/kyngdy.com\/#organization","name":"Kyngdy,","url":"https:\/\/kyngdy.com\/","logo":{"@type":"ImageObject","inLanguage":"es","@id":"https:\/\/kyngdy.com\/#\/schema\/logo\/image\/","url":"https:\/\/kyngdy.com\/wp-content\/uploads\/2022\/03\/logo-kyngdy-black-coming-soon-2.png","contentUrl":"https:\/\/kyngdy.com\/wp-content\/uploads\/2022\/03\/logo-kyngdy-black-coming-soon-2.png","width":450,"height":220,"caption":"Kyngdy"},"image":{"@id":"https:\/\/kyngdy.com\/#\/schema\/logo\/image\/"},"sameAs":["https:\/\/www.facebook.com\/Kyngdy","https:\/\/www.instagram.com\/kyngdy\/"]}]}},"jetpack_sharing_enabled":true,"_links":{"self":[{"href":"https:\/\/kyngdy.com\/es\/wp-json\/wp\/v2\/pages\/3359","targetHints":{"allow":["GET"]}}],"collection":[{"href":"https:\/\/kyngdy.com\/es\/wp-json\/wp\/v2\/pages"}],"about":[{"href":"https:\/\/kyngdy.com\/es\/wp-json\/wp\/v2\/types\/page"}],"author":[{"embeddable":true,"href":"https:\/\/kyngdy.com\/es\/wp-json\/wp\/v2\/users\/4"}],"replies":[{"embeddable":true,"href":"https:\/\/kyngdy.com\/es\/wp-json\/wp\/v2\/comments?post=3359"}],"version-history":[{"count":4,"href":"https:\/\/kyngdy.com\/es\/wp-json\/wp\/v2\/pages\/3359\/revisions"}],"predecessor-version":[{"id":3363,"href":"https:\/\/kyngdy.com\/es\/wp-json\/wp\/v2\/pages\/3359\/revisions\/3363"}],"wp:attachment":[{"href":"https:\/\/kyngdy.com\/es\/wp-json\/wp\/v2\/media?parent=3359"}],"curies":[{"name":"wp","href":"https:\/\/api.w.org\/{rel}","templated":true}]}}