{"id":32,"date":"2021-04-23T14:56:46","date_gmt":"2021-04-23T14:56:46","guid":{"rendered":"https:\/\/firstsight.design\/levre\/video\/?page_id=32"},"modified":"2025-12-17T19:26:17","modified_gmt":"2025-12-17T23:26:17","slug":"about-us","status":"publish","type":"page","link":"https:\/\/kyngdy.com\/es\/about-us\/","title":{"rendered":"Nosotros"},"content":{"rendered":"<div data-elementor-type=\"wp-page\" data-elementor-id=\"32\" class=\"elementor elementor-32\" data-elementor-post-type=\"page\">\n\t\t\t\t\t\t<section class=\"elementor-section elementor-top-section elementor-element elementor-element-5195a09 elementor-section-height-min-height elementor-section-boxed elementor-section-height-default elementor-section-items-middle\" data-id=\"5195a09\" data-element_type=\"section\" data-e-type=\"section\" data-settings=\"{&quot;background_background&quot;:&quot;classic&quot;}\">\n\t\t\t\t\t\t<div class=\"elementor-container elementor-column-gap-default\">\n\t\t\t\t\t<div class=\"elementor-column elementor-col-100 elementor-top-column elementor-element elementor-element-431d3f2\" data-id=\"431d3f2\" data-element_type=\"column\" data-e-type=\"column\">\n\t\t\t<div class=\"elementor-widget-wrap elementor-element-populated\">\n\t\t\t\t\t\t<div class=\"elementor-element elementor-element-958b46d elementor-widget elementor-widget-spacer\" data-id=\"958b46d\" data-element_type=\"widget\" data-e-type=\"widget\" data-widget_type=\"spacer.default\">\n\t\t\t\t<div class=\"elementor-widget-container\">\n\t\t\t\t\t\t\t<div class=\"elementor-spacer\">\n\t\t\t<div class=\"elementor-spacer-inner\"><\/div>\n\t\t<\/div>\n\t\t\t\t\t\t<\/div>\n\t\t\t\t<\/div>\n\t\t\t\t\t<\/div>\n\t\t<\/div>\n\t\t\t\t\t<\/div>\n\t\t<\/section>\n\t\t\t\t<section class=\"elementor-section elementor-top-section elementor-element elementor-element-f90480e elementor-section-boxed elementor-section-height-default elementor-section-height-default\" data-id=\"f90480e\" data-element_type=\"section\" data-e-type=\"section\">\n\t\t\t\t\t\t<div class=\"elementor-container elementor-column-gap-extended\">\n\t\t\t\t\t<div class=\"elementor-column elementor-col-100 elementor-top-column elementor-element elementor-element-43f94a8\" data-id=\"43f94a8\" data-element_type=\"column\" data-e-type=\"column\" data-settings=\"{&quot;background_background&quot;:&quot;classic&quot;}\">\n\t\t\t<div class=\"elementor-widget-wrap elementor-element-populated\">\n\t\t\t\t\t\t<div class=\"elementor-element elementor-element-e459197 elementor-widget elementor-widget-text-editor\" data-id=\"e459197\" data-element_type=\"widget\" data-e-type=\"widget\" data-widget_type=\"text-editor.default\">\n\t\t\t\t<div class=\"elementor-widget-container\">\n\t\t\t\t\t\t\t\t\t<h2 data-start=\"234\" data-end=\"250\">\ud83c\udf3f Sobre nosotros<\/h2><p data-start=\"252\" data-end=\"461\">En <strong data-start=\"255\" data-end=\"265\">Kyngdy,<\/strong>Creemos que el cuidado de la piel debe ser tan puro como efectivo. Nuestra misi\u00f3n es simple: crear <strong data-start=\"358\" data-end=\"414\">Productos de belleza limpios, conscientes y respaldados por la ciencia.<\/strong> que realmente respetan tu piel y el planeta.<\/p><p data-start=\"463\" data-end=\"862\">Nuestro viaje comenz\u00f3 con la visi\u00f3n de transformar el cuidado de la piel a trav\u00e9s del poder natural de <strong data-start=\"546\" data-end=\"553\">CBD.<\/strong>Vimos la necesidad de productos que ofrezcan resultados reales (hidrataci\u00f3n, reparaci\u00f3n y antienvejecimiento) sin qu\u00edmicos agresivos ni promesas vac\u00edas. Por eso, cada f\u00f3rmula de Kyngdy est\u00e1 cuidadosamente elaborada con <strong data-start=\"749\" data-end=\"797\">Ingredientes veganos, org\u00e1nicos y ecol\u00f3gicos.<\/strong>Dise\u00f1ado para trabajar en armon\u00eda con el equilibrio natural de tu piel.<\/p><p data-start=\"864\" data-end=\"891\">\u2728 <strong data-start=\"866\" data-end=\"889\">\u00bfQu\u00e9 nos diferencia?<\/strong><\/p><ul data-start=\"892\" data-end=\"1178\"><li data-start=\"892\" data-end=\"981\"><p data-start=\"894\" data-end=\"981\">Transparencia: nuestros ingredientes y certificaciones est\u00e1n siempre disponibles para que los veas.<\/p><\/li><li data-start=\"982\" data-end=\"1085\"><p data-start=\"984\" data-end=\"1085\">Calidad: cada botella est\u00e1 formulada con ingredientes bot\u00e1nicos activos que han demostrado calmar, proteger y rejuvenecer.<\/p><\/li><li data-start=\"1086\" data-end=\"1178\"><p data-start=\"1088\" data-end=\"1178\">Sostenibilidad: desde la producci\u00f3n hasta el embalaje, minimizamos nuestro impacto en el medio ambiente.<\/p><\/li><\/ul><p data-start=\"1180\" data-end=\"1374\">Somos m\u00e1s que una marca de cuidado de la piel: somos parte de tu <strong data-start=\"1234\" data-end=\"1254\">ritual de autocuidado<\/strong>. Con Kyngdy, no solo aplicas un s\u00e9rum, sino que adoptas un estilo de vida de <strong data-start=\"1325\" data-end=\"1371\">Bienestar, confianza y belleza consciente<\/strong>.<\/p><p data-start=\"1376\" data-end=\"1427\">\ud83d\udc9a <strong data-start=\"1379\" data-end=\"1425\">Kyngdy: El lujo natural que tu piel merece.<\/strong><\/p>\t\t\t\t\t\t\t\t<\/div>\n\t\t\t\t<\/div>\n\t\t\t\t\t<\/div>\n\t\t<\/div>\n\t\t\t\t\t<\/div>\n\t\t<\/section>\n\t\t\t\t<section class=\"elementor-section elementor-top-section elementor-element elementor-element-df9f042 elementor-section-height-min-height elementor-section-boxed elementor-section-height-default elementor-section-items-middle\" data-id=\"df9f042\" data-element_type=\"section\" data-e-type=\"section\" data-settings=\"{&quot;background_background&quot;:&quot;classic&quot;}\">\n\t\t\t\t\t\t<div class=\"elementor-container elementor-column-gap-extended\">\n\t\t\t\t\t<div class=\"elementor-column elementor-col-100 elementor-top-column elementor-element elementor-element-a266a4a\" data-id=\"a266a4a\" data-element_type=\"column\" data-e-type=\"column\">\n\t\t\t<div class=\"elementor-widget-wrap elementor-element-populated\">\n\t\t\t\t\t\t<div class=\"elementor-element elementor-element-9298481 elementor-widget elementor-widget-heading\" data-id=\"9298481\" data-element_type=\"widget\" data-e-type=\"widget\" data-widget_type=\"heading.default\">\n\t\t\t\t<div class=\"elementor-widget-container\">\n\t\t\t\t\t<h1 class=\"elementor-heading-title elementor-size-default\">Descubre nuestros productos<\/h1>\t\t\t\t<\/div>\n\t\t\t\t<\/div>\n\t\t\t\t<div class=\"elementor-element elementor-element-19128c6 elementor-align-center elementor-widget elementor-widget-button\" data-id=\"19128c6\" data-element_type=\"widget\" data-e-type=\"widget\" data-widget_type=\"button.default\">\n\t\t\t\t<div class=\"elementor-widget-container\">\n\t\t\t\t\t\t\t\t\t<div class=\"elementor-button-wrapper\">\n\t\t\t\t\t<a class=\"elementor-button elementor-button-link elementor-size-sm elementor-animation-grow\" href=\"https:\/\/kyngdy.com\/es\/shop\/\">\n\t\t\t\t\t\t<span class=\"elementor-button-content-wrapper\">\n\t\t\t\t\t\t\t\t\t<span class=\"elementor-button-text\">Comprar<\/span>\n\t\t\t\t\t<\/span>\n\t\t\t\t\t<\/a>\n\t\t\t\t<\/div>\n\t\t\t\t\t\t\t\t<\/div>\n\t\t\t\t<\/div>\n\t\t\t\t\t<\/div>\n\t\t<\/div>\n\t\t\t\t\t<\/div>\n\t\t<\/section>\n\t\t\t\t<\/div>","protected":false},"excerpt":{"rendered":"<p>\ud83c\udf3f About Us At Kyngdy, we believe skincare should be as pure as it is effective. Our mission is simple: to create clean, conscious, and science-backed beauty products that truly respect your skin and the planet. Our journey began with a vision to transform skincare through the natural power of CBD. We saw the need [&hellip;]<\/p>\n","protected":false},"author":4,"featured_media":0,"parent":0,"menu_order":0,"comment_status":"closed","ping_status":"closed","template":"elementor_header_footer","meta":{"footnotes":""},"class_list":["post-32","page","type-page","status-publish","hentry"],"yoast_head":"<!-- This site is optimized with the Yoast SEO plugin v27.3 - https:\/\/yoast.com\/product\/yoast-seo-wordpress\/ -->\n<title>About Us - Kyngdy<\/title>\n<meta name=\"robots\" content=\"index, follow, max-snippet:-1, max-image-preview:large, max-video-preview:-1\" \/>\n<link rel=\"canonical\" href=\"https:\/\/kyngdy.com\/es\/about-us\/\" \/>\n<meta property=\"og:locale\" content=\"es_ES\" \/>\n<meta property=\"og:type\" content=\"article\" \/>\n<meta property=\"og:title\" content=\"About Us - Kyngdy\" \/>\n<meta property=\"og:description\" content=\"\ud83c\udf3f About Us At Kyngdy, we believe skincare should be as pure as it is effective. Our mission is simple: to create clean, conscious, and science-backed beauty products that truly respect your skin and the planet. Our journey began with a vision to transform skincare through the natural power of CBD. We saw the need [&hellip;]\" \/>\n<meta property=\"og:url\" content=\"https:\/\/kyngdy.com\/es\/about-us\/\" \/>\n<meta property=\"og:site_name\" content=\"Kyngdy\" \/>\n<meta property=\"article:publisher\" content=\"https:\/\/www.facebook.com\/Kyngdy\" \/>\n<meta property=\"article:modified_time\" content=\"2025-12-17T23:26:17+00:00\" \/>\n<meta name=\"twitter:card\" content=\"summary_large_image\" \/>\n<meta name=\"twitter:label1\" content=\"Tiempo de lectura\" \/>\n\t<meta name=\"twitter:data1\" content=\"2 minutos\" \/>\n<script type=\"application\/ld+json\" class=\"yoast-schema-graph\">{\"@context\":\"https:\\\/\\\/schema.org\",\"@graph\":[{\"@type\":\"WebPage\",\"@id\":\"https:\\\/\\\/kyngdy.com\\\/about-us\\\/\",\"url\":\"https:\\\/\\\/kyngdy.com\\\/about-us\\\/\",\"name\":\"About Us - Kyngdy\",\"isPartOf\":{\"@id\":\"https:\\\/\\\/kyngdy.com\\\/#website\"},\"datePublished\":\"2021-04-23T14:56:46+00:00\",\"dateModified\":\"2025-12-17T23:26:17+00:00\",\"breadcrumb\":{\"@id\":\"https:\\\/\\\/kyngdy.com\\\/about-us\\\/#breadcrumb\"},\"inLanguage\":\"es\",\"potentialAction\":[{\"@type\":\"ReadAction\",\"target\":[\"https:\\\/\\\/kyngdy.com\\\/about-us\\\/\"]}]},{\"@type\":\"BreadcrumbList\",\"@id\":\"https:\\\/\\\/kyngdy.com\\\/about-us\\\/#breadcrumb\",\"itemListElement\":[{\"@type\":\"ListItem\",\"position\":1,\"name\":\"Home\",\"item\":\"https:\\\/\\\/kyngdy.com\\\/\"},{\"@type\":\"ListItem\",\"position\":2,\"name\":\"About Us\"}]},{\"@type\":\"WebSite\",\"@id\":\"https:\\\/\\\/kyngdy.com\\\/#website\",\"url\":\"https:\\\/\\\/kyngdy.com\\\/\",\"name\":\"Kyngdy\",\"description\":\"Youth Formula\",\"publisher\":{\"@id\":\"https:\\\/\\\/kyngdy.com\\\/#organization\"},\"potentialAction\":[{\"@type\":\"SearchAction\",\"target\":{\"@type\":\"EntryPoint\",\"urlTemplate\":\"https:\\\/\\\/kyngdy.com\\\/?s={search_term_string}\"},\"query-input\":{\"@type\":\"PropertyValueSpecification\",\"valueRequired\":true,\"valueName\":\"search_term_string\"}}],\"inLanguage\":\"es\"},{\"@type\":\"Organization\",\"@id\":\"https:\\\/\\\/kyngdy.com\\\/#organization\",\"name\":\"Kyngdy\",\"url\":\"https:\\\/\\\/kyngdy.com\\\/\",\"logo\":{\"@type\":\"ImageObject\",\"inLanguage\":\"es\",\"@id\":\"https:\\\/\\\/kyngdy.com\\\/#\\\/schema\\\/logo\\\/image\\\/\",\"url\":\"https:\\\/\\\/kyngdy.com\\\/wp-content\\\/uploads\\\/2022\\\/03\\\/logo-kyngdy-black-coming-soon-2.png\",\"contentUrl\":\"https:\\\/\\\/kyngdy.com\\\/wp-content\\\/uploads\\\/2022\\\/03\\\/logo-kyngdy-black-coming-soon-2.png\",\"width\":450,\"height\":220,\"caption\":\"Kyngdy\"},\"image\":{\"@id\":\"https:\\\/\\\/kyngdy.com\\\/#\\\/schema\\\/logo\\\/image\\\/\"},\"sameAs\":[\"https:\\\/\\\/www.facebook.com\\\/Kyngdy\",\"https:\\\/\\\/www.instagram.com\\\/kyngdy\\\/\"]}]}<\/script>\n<!-- \/ Yoast SEO plugin. -->","yoast_head_json":{"title":"About Us - Kyngdy","robots":{"index":"index","follow":"follow","max-snippet":"max-snippet:-1","max-image-preview":"max-image-preview:large","max-video-preview":"max-video-preview:-1"},"canonical":"https:\/\/kyngdy.com\/es\/about-us\/","og_locale":"es_ES","og_type":"article","og_title":"About Us - Kyngdy","og_description":"\ud83c\udf3f About Us At Kyngdy, we believe skincare should be as pure as it is effective. Our mission is simple: to create clean, conscious, and science-backed beauty products that truly respect your skin and the planet. Our journey began with a vision to transform skincare through the natural power of CBD. We saw the need [&hellip;]","og_url":"https:\/\/kyngdy.com\/es\/about-us\/","og_site_name":"Kyngdy","article_publisher":"https:\/\/www.facebook.com\/Kyngdy","article_modified_time":"2025-12-17T23:26:17+00:00","twitter_card":"summary_large_image","twitter_misc":{"Tiempo de lectura":"2 minutos"},"schema":{"@context":"https:\/\/schema.org","@graph":[{"@type":"WebPage","@id":"https:\/\/kyngdy.com\/about-us\/","url":"https:\/\/kyngdy.com\/about-us\/","name":"About Us - Kyngdy","isPartOf":{"@id":"https:\/\/kyngdy.com\/#website"},"datePublished":"2021-04-23T14:56:46+00:00","dateModified":"2025-12-17T23:26:17+00:00","breadcrumb":{"@id":"https:\/\/kyngdy.com\/about-us\/#breadcrumb"},"inLanguage":"es","potentialAction":[{"@type":"ReadAction","target":["https:\/\/kyngdy.com\/about-us\/"]}]},{"@type":"BreadcrumbList","@id":"https:\/\/kyngdy.com\/about-us\/#breadcrumb","itemListElement":[{"@type":"ListItem","position":1,"name":"Home","item":"https:\/\/kyngdy.com\/"},{"@type":"ListItem","position":2,"name":"About Us"}]},{"@type":"WebSite","@id":"https:\/\/kyngdy.com\/#website","url":"https:\/\/kyngdy.com\/","name":"Kyngdy,","description":"F\u00f3rmula de la Juventud","publisher":{"@id":"https:\/\/kyngdy.com\/#organization"},"potentialAction":[{"@type":"SearchAction","target":{"@type":"EntryPoint","urlTemplate":"https:\/\/kyngdy.com\/?s={search_term_string}"},"query-input":{"@type":"PropertyValueSpecification","valueRequired":true,"valueName":"search_term_string"}}],"inLanguage":"es"},{"@type":"Organization","@id":"https:\/\/kyngdy.com\/#organization","name":"Kyngdy,","url":"https:\/\/kyngdy.com\/","logo":{"@type":"ImageObject","inLanguage":"es","@id":"https:\/\/kyngdy.com\/#\/schema\/logo\/image\/","url":"https:\/\/kyngdy.com\/wp-content\/uploads\/2022\/03\/logo-kyngdy-black-coming-soon-2.png","contentUrl":"https:\/\/kyngdy.com\/wp-content\/uploads\/2022\/03\/logo-kyngdy-black-coming-soon-2.png","width":450,"height":220,"caption":"Kyngdy"},"image":{"@id":"https:\/\/kyngdy.com\/#\/schema\/logo\/image\/"},"sameAs":["https:\/\/www.facebook.com\/Kyngdy","https:\/\/www.instagram.com\/kyngdy\/"]}]}},"jetpack_sharing_enabled":true,"_links":{"self":[{"href":"https:\/\/kyngdy.com\/es\/wp-json\/wp\/v2\/pages\/32","targetHints":{"allow":["GET"]}}],"collection":[{"href":"https:\/\/kyngdy.com\/es\/wp-json\/wp\/v2\/pages"}],"about":[{"href":"https:\/\/kyngdy.com\/es\/wp-json\/wp\/v2\/types\/page"}],"author":[{"embeddable":true,"href":"https:\/\/kyngdy.com\/es\/wp-json\/wp\/v2\/users\/4"}],"replies":[{"embeddable":true,"href":"https:\/\/kyngdy.com\/es\/wp-json\/wp\/v2\/comments?post=32"}],"version-history":[{"count":97,"href":"https:\/\/kyngdy.com\/es\/wp-json\/wp\/v2\/pages\/32\/revisions"}],"predecessor-version":[{"id":5358,"href":"https:\/\/kyngdy.com\/es\/wp-json\/wp\/v2\/pages\/32\/revisions\/5358"}],"wp:attachment":[{"href":"https:\/\/kyngdy.com\/es\/wp-json\/wp\/v2\/media?parent=32"}],"curies":[{"name":"wp","href":"https:\/\/api.w.org\/{rel}","templated":true}]}}